{"id":106,"date":"2023-05-29T15:10:09","date_gmt":"2023-05-29T20:10:09","guid":{"rendered":"https:\/\/jmmconsultoriaempresarial.com\/?page_id=106"},"modified":"2023-05-30T17:53:21","modified_gmt":"2023-05-30T22:53:21","slug":"calculadora-cfdi-arrendamiento","status":"publish","type":"page","link":"https:\/\/jmmconsultoriaempresarial.com\/en\/herramientas\/calculadora-cfdi-arrendamiento\/","title":{"rendered":"CFDI Lease Calculator"},"content":{"rendered":"<form action=\"\"><label for=\"montoCFDI\">Monto del CFDI arrendamiento:<\/label><br \/>\n<input id=\"montoCFDI\" required=\"\" type=\"number\" \/><br \/>\n<label for=\"regimenEmisor\">R\u00e9gimen Fiscal del Emisor:<\/label><br \/>\n<select id=\"regimenEmisor\" required=\"\"><option value=\"arrendamiento\">R\u00e9gimen de Arrendamiento<\/option><option value=\"resico\">R\u00e9gimen simplificado de confianza<\/option><\/select><br \/>\n<label for=\"receptor\">Receptor:<\/label><br \/>\n<select id=\"receptor\" required=\"\"><option value=\"personaFisica\">Persona F\u00edsica<\/option><option value=\"personaMoral\">Persona Moral<\/option><\/select><br \/>\n<label for=\"casaHabitacion\">\u00bfEs una casa habitaci\u00f3n amueblada?<\/label><br \/>\n<input id=\"casaHabitacion\" type=\"checkbox\" \/><br \/>\n<label for=\"porcCedular\">Porcentaje cedular retenido:<\/label><br \/>\n<input id=\"porcCedular\" required=\"\" type=\"number\" \/><br \/>\n<button type=\"button\">Calcular<\/button><input type=\"hidden\" name=\"trp-form-language\" value=\"en\"\/><\/form>\n<h2>Resultados<\/h2>\n<div><label for=\"iva\">IVA:<\/label><br \/>\n<input id=\"iva\" readonly=\"readonly\" type=\"text\" \/><br \/>\n<label for=\"retencionISR\">Retenci\u00f3n de ISR:<\/label><br \/>\n<input id=\"retencionISR\" readonly=\"readonly\" type=\"text\" \/><br \/>\n<label for=\"retencionIVA\">Retenci\u00f3n de IVA:<\/label><br \/>\n<input id=\"retencionIVA\" readonly=\"readonly\" type=\"text\" \/><br \/>\n<label for=\"retencionCedular\">Retenci\u00f3n Cedular:<\/label><br \/>\n<input id=\"retencionCedular\" readonly=\"readonly\" type=\"text\" \/><br \/>\n<label for=\"total\">Total CFDI arrendamiento:<\/label><br \/>\n<input id=\"total\" readonly=\"readonly\" type=\"text\" \/><\/div>\n<p>Nota: Recuerda que esta calculadora solo es de manera informativa, todo calculo debe ser validado con tu contador.<br \/>\nSi tienes dudas de como presentar tu pago provisional de isr arrendamiento, no dudes en contactarnos<\/p>\n<div class=\"wppb-container\">\n<div class=\"wppb-row\">\n<div class=\"wppb-column-parent wppb-column-parent-view wppb-col-1655951532099\">\n<div class=\"wppb-column\">\n<div class=\"wppb-builder-addons\">\n<div class=\"wppb-builder-addon wppb-addon-1655951546290\" data-addon-id=\"1655951546290\">\n<div class=\"wppb-addon\">\n<div class=\"wppb-addon wppb-button-addon\">\n<div class=\"wppb-button-addon-content\"><a class=\"wppb-btn-addons wppb-btn-success wppb-btn-rounded wppb-btn-large wppb-btn-no\" href=\"https:\/\/api.whatsapp.com\/send?phone=5214613132479&amp;text=Hola%20Estoy%20Interesad@%20en%20una%20Asesor\u00eda%20arrendamient%20Gracias.%20\" target=\"_blank\" rel=\"noopener\"><i class=\"fab fa-whatsapp\"><\/i> Request your first free consultation<\/a><\/div>\n<\/div>\n<\/div>\n<\/div>\n<\/div>\n<\/div>\n<\/div>\n<\/div>\n<\/div>\n<div class=\"wppb-row-parent wppb-row-1655951941591\">\n<div class=\"wppb-container\">\n<div class=\"wppb-row\">\n<div class=\"wppb-column-parent wppb-column-parent-view wppb-col-1655951941590\">\n<div class=\"wppb-column\">\n<div class=\"wppb-builder-addons\">\n<div class=\"wppb-builder-addon wppb-addon-1655953062470\" data-addon-id=\"1655953062470\">\n<div class=\"wppb-addon\">\n<div class=\"wppb-headline-addon\">\n<div class=\"wppb-headline-content\">\n<h2 class=\"wppb-addon-title\">We want to know more about you<\/h2>\n<\/div>\n<\/div>\n<\/div>\n<\/div>\n<\/div>\n<\/div>\n<\/div>\n<\/div>\n<\/div>\n<\/div>\n<h2>Regimen de arrendamiento y resico<\/h2>\n<p>Para saber m\u00e1s sobre el r\u00e9gimen de arrendamiento y resico visita nuestros post:<\/p>\n<p class=\"entry-title\"><a href=\"https:\/\/jmmconsultoriaempresarial.com\/en\/obligaciones-del-arrendedador-en-materia-de-isr-2023-pago-provisional-isr-contabilidad-emitir-cfdi\/\" rel=\"bookmark\">Obligaciones del arrendador en materia de ISR en el regimen de arrendamiento.<\/a><\/p>\n<p>&nbsp;<\/p>","protected":false},"excerpt":{"rendered":"<p>Monto del CFDI arrendamiento: R\u00e9gimen Fiscal del Emisor: R\u00e9gimen de ArrendamientoR\u00e9gimen simplificado de confianza Receptor: Persona F\u00edsicaPersona Moral \u00bfEs una casa habitaci\u00f3n amueblada? Porcentaje cedular retenido: Calcular Resultados IVA: Retenci\u00f3n de ISR: Retenci\u00f3n de IVA: Retenci\u00f3n Cedular: Total CFDI arrendamiento: Nota: Recuerda que esta calculadora solo es de manera informativa, todo calculo debe ser validado [&hellip;]<\/p>\n","protected":false},"author":1,"featured_media":0,"parent":104,"menu_order":0,"comment_status":"closed","ping_status":"closed","template":"","meta":{"site-sidebar-layout":"default","site-content-layout":"default","ast-site-content-layout":"default","site-content-style":"default","site-sidebar-style":"default","ast-global-header-display":"","ast-banner-title-visibility":"","ast-main-header-display":"","ast-hfb-above-header-display":"","ast-hfb-below-header-display":"","ast-hfb-mobile-header-display":"","site-post-title":"","ast-breadcrumbs-content":"","ast-featured-img":"","footer-sml-layout":"","ast-disable-related-posts":"","theme-transparent-header-meta":"default","adv-header-id-meta":"","stick-header-meta":"","header-above-stick-meta":"","header-main-stick-meta":"","header-below-stick-meta":"","astra-migrate-meta-layouts":"default","ast-page-background-enabled":"default","ast-page-background-meta":{"desktop":{"background-color":"var(--ast-global-color-4)","background-image":"","background-repeat":"repeat","background-position":"center center","background-size":"auto","background-attachment":"scroll","background-type":"","background-media":"","overlay-type":"","overlay-color":"","overlay-opacity":"","overlay-gradient":""},"tablet":{"background-color":"","background-image":"","background-repeat":"repeat","background-position":"center center","background-size":"auto","background-attachment":"scroll","background-type":"","background-media":"","overlay-type":"","overlay-color":"","overlay-opacity":"","overlay-gradient":""},"mobile":{"background-color":"","background-image":"","background-repeat":"repeat","background-position":"center center","background-size":"auto","background-attachment":"scroll","background-type":"","background-media":"","overlay-type":"","overlay-color":"","overlay-opacity":"","overlay-gradient":""}},"ast-content-background-meta":{"desktop":{"background-color":"var(--ast-global-color-5)","background-image":"","background-repeat":"repeat","background-position":"center center","background-size":"auto","background-attachment":"scroll","background-type":"","background-media":"","overlay-type":"","overlay-color":"","overlay-opacity":"","overlay-gradient":""},"tablet":{"background-color":"var(--ast-global-color-5)","background-image":"","background-repeat":"repeat","background-position":"center center","background-size":"auto","background-attachment":"scroll","background-type":"","background-media":"","overlay-type":"","overlay-color":"","overlay-opacity":"","overlay-gradient":""},"mobile":{"background-color":"var(--ast-global-color-5)","background-image":"","background-repeat":"repeat","background-position":"center center","background-size":"auto","background-attachment":"scroll","background-type":"","background-media":"","overlay-type":"","overlay-color":"","overlay-opacity":"","overlay-gradient":""}},"footnotes":""},"class_list":["post-106","page","type-page","status-publish","hentry"],"yoast_head":"<!-- This site is optimized with the Yoast SEO plugin v27.0 - https:\/\/yoast.com\/product\/yoast-seo-wordpress\/ -->\n<title>C\u00e1lculadora CFDI arrendamiento - JMM Consultor\u00eda<\/title>\n<meta name=\"description\" content=\"Calculadora de CFDI arrendamiento. Conoce como calcular el monto de tu cfdi de arrendamiento, asi como las retenciones que debes aplicar.\" \/>\n<meta name=\"robots\" content=\"index, follow, max-snippet:-1, max-image-preview:large, max-video-preview:-1\" \/>\n<link rel=\"canonical\" href=\"https:\/\/jmmconsultoriaempresarial.com\/en\/herramientas\/calculadora-cfdi-arrendamiento\/\" \/>\n<meta property=\"og:locale\" content=\"en_US\" \/>\n<meta property=\"og:type\" content=\"article\" \/>\n<meta property=\"og:title\" content=\"Calculadora CFDI arrendamiento\" \/>\n<meta property=\"og:description\" content=\"Calcula el monto total de tu CFDI arrendamiento. Esta herramienta te puede ayudar a calcular el iva, las retenciones y el total de tu CFDI arrendamiento.\" \/>\n<meta property=\"og:url\" content=\"https:\/\/jmmconsultoriaempresarial.com\/en\/herramientas\/calculadora-cfdi-arrendamiento\/\" \/>\n<meta property=\"og:site_name\" content=\"JMM Consultor\u00eda\" \/>\n<meta property=\"article:publisher\" content=\"https:\/\/www.facebook.com\/JMMConsultoriaEmpresarial\/\" \/>\n<meta property=\"article:modified_time\" content=\"2023-05-30T22:53:21+00:00\" \/>\n<meta property=\"og:image\" content=\"http:\/\/jmmconsultoriaempresarial.com\/wp-content\/uploads\/2023\/05\/calculadora-cfdi-arrendamiento.jpg\" \/>\n\t<meta property=\"og:image:width\" content=\"1200\" \/>\n\t<meta property=\"og:image:height\" content=\"1366\" \/>\n\t<meta property=\"og:image:type\" content=\"image\/jpeg\" \/>\n<meta name=\"twitter:card\" content=\"summary_large_image\" \/>\n<meta name=\"twitter:label1\" content=\"Est. reading time\" \/>\n\t<meta name=\"twitter:data1\" content=\"1 minute\" \/>\n<script type=\"application\/ld+json\" class=\"yoast-schema-graph\">{\"@context\":\"https:\/\/schema.org\",\"@graph\":[{\"@type\":\"WebPage\",\"@id\":\"https:\/\/jmmconsultoriaempresarial.com\/herramientas\/calculadora-cfdi-arrendamiento\/\",\"url\":\"https:\/\/jmmconsultoriaempresarial.com\/herramientas\/calculadora-cfdi-arrendamiento\/\",\"name\":\"C\u00e1lculadora CFDI arrendamiento - JMM Consultor\u00eda\",\"isPartOf\":{\"@id\":\"https:\/\/jmmconsultoriaempresarial.com\/#website\"},\"datePublished\":\"2023-05-29T20:10:09+00:00\",\"dateModified\":\"2023-05-30T22:53:21+00:00\",\"description\":\"Calculadora de CFDI arrendamiento. Conoce como calcular el monto de tu cfdi de arrendamiento, asi como las retenciones que debes aplicar.\",\"breadcrumb\":{\"@id\":\"https:\/\/jmmconsultoriaempresarial.com\/herramientas\/calculadora-cfdi-arrendamiento\/#breadcrumb\"},\"inLanguage\":\"en-US\",\"potentialAction\":[{\"@type\":\"ReadAction\",\"target\":[\"https:\/\/jmmconsultoriaempresarial.com\/herramientas\/calculadora-cfdi-arrendamiento\/\"]}]},{\"@type\":\"BreadcrumbList\",\"@id\":\"https:\/\/jmmconsultoriaempresarial.com\/herramientas\/calculadora-cfdi-arrendamiento\/#breadcrumb\",\"itemListElement\":[{\"@type\":\"ListItem\",\"position\":1,\"name\":\"Inicio\",\"item\":\"https:\/\/jmmconsultoriaempresarial.com\/\"},{\"@type\":\"ListItem\",\"position\":2,\"name\":\"Herramientas\",\"item\":\"https:\/\/jmmconsultoriaempresarial.com\/herramientas\/\"},{\"@type\":\"ListItem\",\"position\":3,\"name\":\"C\u00e1lculadora CFDI arrendamiento\"}]},{\"@type\":\"WebSite\",\"@id\":\"https:\/\/jmmconsultoriaempresarial.com\/#website\",\"url\":\"https:\/\/jmmconsultoriaempresarial.com\/\",\"name\":\"JMM Consultor\u00eda Empresarial\",\"description\":\"Soluciones administrativas para tu empresa.\",\"publisher\":{\"@id\":\"https:\/\/jmmconsultoriaempresarial.com\/#organization\"},\"potentialAction\":[{\"@type\":\"SearchAction\",\"target\":{\"@type\":\"EntryPoint\",\"urlTemplate\":\"https:\/\/jmmconsultoriaempresarial.com\/?s={search_term_string}\"},\"query-input\":{\"@type\":\"PropertyValueSpecification\",\"valueRequired\":true,\"valueName\":\"search_term_string\"}}],\"inLanguage\":\"en-US\"},{\"@type\":\"Organization\",\"@id\":\"https:\/\/jmmconsultoriaempresarial.com\/#organization\",\"name\":\"JMM Consultor\u00eda Empresarial\",\"url\":\"https:\/\/jmmconsultoriaempresarial.com\/\",\"logo\":{\"@type\":\"ImageObject\",\"inLanguage\":\"en-US\",\"@id\":\"https:\/\/jmmconsultoriaempresarial.com\/#\/schema\/logo\/image\/\",\"url\":\"https:\/\/jmmconsultoriaempresarial.com\/wp-content\/uploads\/2022\/03\/cropped-cropped-J2M-1-e1647582834363.png\",\"contentUrl\":\"https:\/\/jmmconsultoriaempresarial.com\/wp-content\/uploads\/2022\/03\/cropped-cropped-J2M-1-e1647582834363.png\",\"width\":150,\"height\":79,\"caption\":\"JMM Consultor\u00eda Empresarial\"},\"image\":{\"@id\":\"https:\/\/jmmconsultoriaempresarial.com\/#\/schema\/logo\/image\/\"},\"sameAs\":[\"https:\/\/www.facebook.com\/JMMConsultoriaEmpresarial\/\"]}]}<\/script>\n<!-- \/ Yoast SEO plugin. -->","yoast_head_json":{"title":"C\u00e1lculadora CFDI arrendamiento - JMM Consultor\u00eda","description":"Calculadora de CFDI arrendamiento. Conoce como calcular el monto de tu cfdi de arrendamiento, asi como las retenciones que debes aplicar.","robots":{"index":"index","follow":"follow","max-snippet":"max-snippet:-1","max-image-preview":"max-image-preview:large","max-video-preview":"max-video-preview:-1"},"canonical":"https:\/\/jmmconsultoriaempresarial.com\/en\/herramientas\/calculadora-cfdi-arrendamiento\/","og_locale":"en_US","og_type":"article","og_title":"Calculadora CFDI arrendamiento","og_description":"Calcula el monto total de tu CFDI arrendamiento. Esta herramienta te puede ayudar a calcular el iva, las retenciones y el total de tu CFDI arrendamiento.","og_url":"https:\/\/jmmconsultoriaempresarial.com\/en\/herramientas\/calculadora-cfdi-arrendamiento\/","og_site_name":"JMM Consultor\u00eda","article_publisher":"https:\/\/www.facebook.com\/JMMConsultoriaEmpresarial\/","article_modified_time":"2023-05-30T22:53:21+00:00","og_image":[{"width":1200,"height":1366,"url":"http:\/\/jmmconsultoriaempresarial.com\/wp-content\/uploads\/2023\/05\/calculadora-cfdi-arrendamiento.jpg","type":"image\/jpeg"}],"twitter_card":"summary_large_image","twitter_misc":{"Est. reading time":"1 minute"},"schema":{"@context":"https:\/\/schema.org","@graph":[{"@type":"WebPage","@id":"https:\/\/jmmconsultoriaempresarial.com\/herramientas\/calculadora-cfdi-arrendamiento\/","url":"https:\/\/jmmconsultoriaempresarial.com\/herramientas\/calculadora-cfdi-arrendamiento\/","name":"C\u00e1lculadora CFDI arrendamiento - JMM Consultor\u00eda","isPartOf":{"@id":"https:\/\/jmmconsultoriaempresarial.com\/#website"},"datePublished":"2023-05-29T20:10:09+00:00","dateModified":"2023-05-30T22:53:21+00:00","description":"Calculadora de CFDI arrendamiento. Conoce como calcular el monto de tu cfdi de arrendamiento, asi como las retenciones que debes aplicar.","breadcrumb":{"@id":"https:\/\/jmmconsultoriaempresarial.com\/herramientas\/calculadora-cfdi-arrendamiento\/#breadcrumb"},"inLanguage":"en-US","potentialAction":[{"@type":"ReadAction","target":["https:\/\/jmmconsultoriaempresarial.com\/herramientas\/calculadora-cfdi-arrendamiento\/"]}]},{"@type":"BreadcrumbList","@id":"https:\/\/jmmconsultoriaempresarial.com\/herramientas\/calculadora-cfdi-arrendamiento\/#breadcrumb","itemListElement":[{"@type":"ListItem","position":1,"name":"Inicio","item":"https:\/\/jmmconsultoriaempresarial.com\/"},{"@type":"ListItem","position":2,"name":"Herramientas","item":"https:\/\/jmmconsultoriaempresarial.com\/herramientas\/"},{"@type":"ListItem","position":3,"name":"C\u00e1lculadora CFDI arrendamiento"}]},{"@type":"WebSite","@id":"https:\/\/jmmconsultoriaempresarial.com\/#website","url":"https:\/\/jmmconsultoriaempresarial.com\/","name":"JMM Consultor\u00eda Empresarial","description":"Administrative solutions for your company.","publisher":{"@id":"https:\/\/jmmconsultoriaempresarial.com\/#organization"},"potentialAction":[{"@type":"SearchAction","target":{"@type":"EntryPoint","urlTemplate":"https:\/\/jmmconsultoriaempresarial.com\/?s={search_term_string}"},"query-input":{"@type":"PropertyValueSpecification","valueRequired":true,"valueName":"search_term_string"}}],"inLanguage":"en-US"},{"@type":"Organization","@id":"https:\/\/jmmconsultoriaempresarial.com\/#organization","name":"JMM Consultor\u00eda Empresarial","url":"https:\/\/jmmconsultoriaempresarial.com\/","logo":{"@type":"ImageObject","inLanguage":"en-US","@id":"https:\/\/jmmconsultoriaempresarial.com\/#\/schema\/logo\/image\/","url":"https:\/\/jmmconsultoriaempresarial.com\/wp-content\/uploads\/2022\/03\/cropped-cropped-J2M-1-e1647582834363.png","contentUrl":"https:\/\/jmmconsultoriaempresarial.com\/wp-content\/uploads\/2022\/03\/cropped-cropped-J2M-1-e1647582834363.png","width":150,"height":79,"caption":"JMM Consultor\u00eda Empresarial"},"image":{"@id":"https:\/\/jmmconsultoriaempresarial.com\/#\/schema\/logo\/image\/"},"sameAs":["https:\/\/www.facebook.com\/JMMConsultoriaEmpresarial\/"]}]}},"_links":{"self":[{"href":"https:\/\/jmmconsultoriaempresarial.com\/en\/wp-json\/wp\/v2\/pages\/106","targetHints":{"allow":["GET"]}}],"collection":[{"href":"https:\/\/jmmconsultoriaempresarial.com\/en\/wp-json\/wp\/v2\/pages"}],"about":[{"href":"https:\/\/jmmconsultoriaempresarial.com\/en\/wp-json\/wp\/v2\/types\/page"}],"author":[{"embeddable":true,"href":"https:\/\/jmmconsultoriaempresarial.com\/en\/wp-json\/wp\/v2\/users\/1"}],"replies":[{"embeddable":true,"href":"https:\/\/jmmconsultoriaempresarial.com\/en\/wp-json\/wp\/v2\/comments?post=106"}],"version-history":[{"count":23,"href":"https:\/\/jmmconsultoriaempresarial.com\/en\/wp-json\/wp\/v2\/pages\/106\/revisions"}],"predecessor-version":[{"id":148,"href":"https:\/\/jmmconsultoriaempresarial.com\/en\/wp-json\/wp\/v2\/pages\/106\/revisions\/148"}],"up":[{"embeddable":true,"href":"https:\/\/jmmconsultoriaempresarial.com\/en\/wp-json\/wp\/v2\/pages\/104"}],"wp:attachment":[{"href":"https:\/\/jmmconsultoriaempresarial.com\/en\/wp-json\/wp\/v2\/media?parent=106"}],"curies":[{"name":"wp","href":"https:\/\/api.w.org\/{rel}","templated":true}]}}