{"id":13,"date":"2022-03-18T05:22:27","date_gmt":"2022-03-18T05:22:27","guid":{"rendered":"http:\/\/jmmconsultoria.local\/?page_id=13"},"modified":"2022-06-21T03:04:57","modified_gmt":"2022-06-21T03:04:57","slug":"acerca","status":"publish","type":"page","link":"https:\/\/jmmconsultoriaempresarial.com\/en\/acerca\/","title":{"rendered":"We"},"content":{"rendered":"<div id=\"wppb-builder-container\" class=\"wppb-builder-container\">                <div  class=\"wppb-row-parent  wppb-row-1649473385840\"  >\n\t\t\t\t\t\n\t\t\t\t\t\t\t\t\t\t\n\t\t\t\t\t\t\t\t\t\t\n\t\t\t\t\t<div class=\"wppb-container\">\n\t\t\t\t\t\t\t\t\t\t\t\t\t\n                        <div class=\"wppb-row\">\n\t\t\t\t\t\t\t                                    <div  class=\"wppb-column-parent wppb-column-parent-view wppb-col-1649473385839\"  >\n                                        <div class=\"wppb-column\">\n\t\t\t\t\t\n\t\t\t\t\t\t\t\t\t\t\t\n                                            <div class=\"wppb-builder-addons\">\n\t\t\t\t\t\t\t\t\t\t\t\t<div class='wppb-builder-addon wppb-addon-1649473985766'  data-addon-id='1649473985766'><div class='wppb-addon'><div class=\"wppb-headline-addon\"><div class=\"wppb-headline-content\"><h2 class=\"wppb-addon-title\">WE<\/h2><\/div><\/div><\/div><\/div><div class='wppb-builder-addon wppb-addon-1649473992976'  data-addon-id='1649473992976'><div class='wppb-addon'><div class=\"wppb-image-addon\"><figure class=\"wppb-image-addon-content-wrap\"><div class=\"wppb-image-addon-content wppb-imginlineblock\"><img decoding=\"async\" class=\"wppb-image-addon-img\" src=\"http:\/\/jmmconsultoriaempresarial.com\/wp-content\/uploads\/2022\/03\/J2M.png\" alt=\"Image\"><\/div><\/figure><\/div><\/div><\/div><div class='wppb-builder-addon wppb-addon-1649473978118'  data-addon-id='1649473978118'><div class='wppb-addon'><div class=\"wppb-text-block-addon\"><div class=\"wppb-text-block-content 0\"><p>JMM CONSULTING was created to meet the needs of small and medium entrepreneurs in having the assurance that their assets will be safeguarded and will increase, through the administrative and financial control of their company, as well as to comply with the tax provisions that allow them to protect it.<\/p><p>We offer you our knowledge, experience, skills and talent to solve your administrative, human resources, financial and tax problems. These solutions will help you grow and compete in today's market.<\/p><p>Our work methodology, which makes use of new technologies, allows us to offer a wide range of services anywhere in the Laja-Bajio region, as well as to other entities in our country.<\/p><\/div><\/div><\/div><\/div>                                            <\/div>\n                                        <\/div>\n                                    <\/div>\n\t\t\t\t\t\t\t\t\t                        <\/div>\n\n                    <\/div>\n                <\/div>\n\t\t\t\t                <div  class=\"wppb-row-parent  wppb-row-1655951474893\"  >\n\t\t\t\t\t\n\t\t\t\t\t\t\t\t\t\t\n\t\t\t\t\t\t\t\t\t\t\n\t\t\t\t\t<div class=\"wppb-container\">\n\t\t\t\t\t\t\t\t\t\t\t\t\t\n                        <div class=\"wppb-row\">\n\t\t\t\t\t\t\t                                    <div  class=\"wppb-column-parent wppb-column-parent-view wppb-col-1655951474892\"  >\n                                        <div class=\"wppb-column\">\n\t\t\t\t\t\n\t\t\t\t\t\t\t\t\t\t\t\n                                            <div class=\"wppb-builder-addons\">\n\t\t\t\t\t\t\t\t\t\t\t\t<div class='wppb-builder-addon wppb-addon-1655951487082'  data-addon-id='1655951487082'><div class='wppb-addon'><div class=\"wppb-addon wppb-button-addon\"><div class=\"wppb-button-addon-content\"><a  href=\"https:\/\/api.whatsapp.com\/send?phone=5214613132479&#038;text=Hola%20Estoy%20Interesad@%20en%20una%20Asesor\u00eda%20Gracias.%20\" target=\"_blank\" class=\"wppb-btn-addons  wppb-btn-success wppb-btn-rounded wppb-btn-large wppb-btn-no\"><i class=\"fab fa-whatsapp\"><\/i> Request your first free consultation<\/a><\/div><\/div><\/div><\/div>                                            <\/div>\n                                        <\/div>\n                                    <\/div>\n\t\t\t\t\t\t\t\t\t                        <\/div>\n\n                    <\/div>\n                <\/div>\n\t\t\t\t<\/div>","protected":false},"excerpt":{"rendered":"<p>NOSOTROSJMM CONSULTOR\u00cdA nace para satisfacer las necesidades de peque\u00f1os y medianos empresarios en tener la seguridad de que su patrimonio estar\u00e1 resguardado e incrementar\u00e1, mediante el control administrativo y financiero de su empresa, as\u00ed como de cumplir con las disposiciones fiscales que lo permitan proteger este mismo.Ponemos a su disposici\u00f3n nuestros conocimientos, experiencia, habilidades y [&hellip;]<\/p>\n","protected":false},"author":1,"featured_media":0,"parent":0,"menu_order":0,"comment_status":"closed","ping_status":"closed","template":"","meta":{"site-sidebar-layout":"default","site-content-layout":"default","ast-site-content-layout":"default","site-content-style":"default","site-sidebar-style":"default","ast-global-header-display":"","ast-banner-title-visibility":"","ast-main-header-display":"","ast-hfb-above-header-display":"","ast-hfb-below-header-display":"","ast-hfb-mobile-header-display":"","site-post-title":"disabled","ast-breadcrumbs-content":"","ast-featured-img":"","footer-sml-layout":"","ast-disable-related-posts":"","theme-transparent-header-meta":"default","adv-header-id-meta":"","stick-header-meta":"","header-above-stick-meta":"","header-main-stick-meta":"","header-below-stick-meta":"","astra-migrate-meta-layouts":"default","ast-page-background-enabled":"default","ast-page-background-meta":{"desktop":{"background-color":"var(--ast-global-color-4)","background-image":"","background-repeat":"repeat","background-position":"center center","background-size":"auto","background-attachment":"scroll","background-type":"","background-media":"","overlay-type":"","overlay-color":"","overlay-opacity":"","overlay-gradient":""},"tablet":{"background-color":"","background-image":"","background-repeat":"repeat","background-position":"center center","background-size":"auto","background-attachment":"scroll","background-type":"","background-media":"","overlay-type":"","overlay-color":"","overlay-opacity":"","overlay-gradient":""},"mobile":{"background-color":"","background-image":"","background-repeat":"repeat","background-position":"center center","background-size":"auto","background-attachment":"scroll","background-type":"","background-media":"","overlay-type":"","overlay-color":"","overlay-opacity":"","overlay-gradient":""}},"ast-content-background-meta":{"desktop":{"background-color":"var(--ast-global-color-5)","background-image":"","background-repeat":"repeat","background-position":"center center","background-size":"auto","background-attachment":"scroll","background-type":"","background-media":"","overlay-type":"","overlay-color":"","overlay-opacity":"","overlay-gradient":""},"tablet":{"background-color":"var(--ast-global-color-5)","background-image":"","background-repeat":"repeat","background-position":"center center","background-size":"auto","background-attachment":"scroll","background-type":"","background-media":"","overlay-type":"","overlay-color":"","overlay-opacity":"","overlay-gradient":""},"mobile":{"background-color":"var(--ast-global-color-5)","background-image":"","background-repeat":"repeat","background-position":"center center","background-size":"auto","background-attachment":"scroll","background-type":"","background-media":"","overlay-type":"","overlay-color":"","overlay-opacity":"","overlay-gradient":""}},"footnotes":""},"class_list":["post-13","page","type-page","status-publish","hentry"],"yoast_head":"<!-- This site is optimized with the Yoast SEO plugin v27.0 - https:\/\/yoast.com\/product\/yoast-seo-wordpress\/ -->\n<title>Nosotros - JMM Consultor\u00eda<\/title>\n<meta name=\"robots\" content=\"index, follow, max-snippet:-1, max-image-preview:large, max-video-preview:-1\" \/>\n<link rel=\"canonical\" href=\"https:\/\/jmmconsultoriaempresarial.com\/en\/acerca\/\" \/>\n<meta property=\"og:locale\" content=\"en_US\" \/>\n<meta property=\"og:type\" content=\"article\" \/>\n<meta property=\"og:title\" content=\"Nosotros - JMM Consultor\u00eda\" \/>\n<meta property=\"og:description\" content=\"NOSOTROSJMM CONSULTOR\u00cdA nace para satisfacer las necesidades de peque\u00f1os y medianos empresarios en tener la seguridad de que su patrimonio estar\u00e1 resguardado e incrementar\u00e1, mediante el control administrativo y financiero de su empresa, as\u00ed como de cumplir con las disposiciones fiscales que lo permitan proteger este mismo.Ponemos a su disposici\u00f3n nuestros conocimientos, experiencia, habilidades y [&hellip;]\" \/>\n<meta property=\"og:url\" content=\"https:\/\/jmmconsultoriaempresarial.com\/en\/acerca\/\" \/>\n<meta property=\"og:site_name\" content=\"JMM Consultor\u00eda\" \/>\n<meta property=\"article:publisher\" content=\"https:\/\/www.facebook.com\/JMMConsultoriaEmpresarial\/\" \/>\n<meta property=\"article:modified_time\" content=\"2022-06-21T03:04:57+00:00\" \/>\n<meta name=\"twitter:card\" content=\"summary_large_image\" \/>\n<script type=\"application\/ld+json\" class=\"yoast-schema-graph\">{\"@context\":\"https:\/\/schema.org\",\"@graph\":[{\"@type\":\"WebPage\",\"@id\":\"https:\/\/jmmconsultoriaempresarial.com\/acerca\/\",\"url\":\"https:\/\/jmmconsultoriaempresarial.com\/acerca\/\",\"name\":\"Nosotros - JMM Consultor\u00eda\",\"isPartOf\":{\"@id\":\"https:\/\/jmmconsultoriaempresarial.com\/#website\"},\"datePublished\":\"2022-03-18T05:22:27+00:00\",\"dateModified\":\"2022-06-21T03:04:57+00:00\",\"breadcrumb\":{\"@id\":\"https:\/\/jmmconsultoriaempresarial.com\/acerca\/#breadcrumb\"},\"inLanguage\":\"en-US\",\"potentialAction\":[{\"@type\":\"ReadAction\",\"target\":[\"https:\/\/jmmconsultoriaempresarial.com\/acerca\/\"]}]},{\"@type\":\"BreadcrumbList\",\"@id\":\"https:\/\/jmmconsultoriaempresarial.com\/acerca\/#breadcrumb\",\"itemListElement\":[{\"@type\":\"ListItem\",\"position\":1,\"name\":\"Inicio\",\"item\":\"https:\/\/jmmconsultoriaempresarial.com\/\"},{\"@type\":\"ListItem\",\"position\":2,\"name\":\"Nosotros\"}]},{\"@type\":\"WebSite\",\"@id\":\"https:\/\/jmmconsultoriaempresarial.com\/#website\",\"url\":\"https:\/\/jmmconsultoriaempresarial.com\/\",\"name\":\"JMM Consultor\u00eda Empresarial\",\"description\":\"Soluciones administrativas para tu empresa.\",\"publisher\":{\"@id\":\"https:\/\/jmmconsultoriaempresarial.com\/#organization\"},\"potentialAction\":[{\"@type\":\"SearchAction\",\"target\":{\"@type\":\"EntryPoint\",\"urlTemplate\":\"https:\/\/jmmconsultoriaempresarial.com\/?s={search_term_string}\"},\"query-input\":{\"@type\":\"PropertyValueSpecification\",\"valueRequired\":true,\"valueName\":\"search_term_string\"}}],\"inLanguage\":\"en-US\"},{\"@type\":\"Organization\",\"@id\":\"https:\/\/jmmconsultoriaempresarial.com\/#organization\",\"name\":\"JMM Consultor\u00eda Empresarial\",\"url\":\"https:\/\/jmmconsultoriaempresarial.com\/\",\"logo\":{\"@type\":\"ImageObject\",\"inLanguage\":\"en-US\",\"@id\":\"https:\/\/jmmconsultoriaempresarial.com\/#\/schema\/logo\/image\/\",\"url\":\"https:\/\/jmmconsultoriaempresarial.com\/wp-content\/uploads\/2022\/03\/cropped-cropped-J2M-1-e1647582834363.png\",\"contentUrl\":\"https:\/\/jmmconsultoriaempresarial.com\/wp-content\/uploads\/2022\/03\/cropped-cropped-J2M-1-e1647582834363.png\",\"width\":150,\"height\":79,\"caption\":\"JMM Consultor\u00eda Empresarial\"},\"image\":{\"@id\":\"https:\/\/jmmconsultoriaempresarial.com\/#\/schema\/logo\/image\/\"},\"sameAs\":[\"https:\/\/www.facebook.com\/JMMConsultoriaEmpresarial\/\"]}]}<\/script>\n<!-- \/ Yoast SEO plugin. -->","yoast_head_json":{"title":"Nosotros - JMM Consultor\u00eda","robots":{"index":"index","follow":"follow","max-snippet":"max-snippet:-1","max-image-preview":"max-image-preview:large","max-video-preview":"max-video-preview:-1"},"canonical":"https:\/\/jmmconsultoriaempresarial.com\/en\/acerca\/","og_locale":"en_US","og_type":"article","og_title":"Nosotros - JMM Consultor\u00eda","og_description":"NOSOTROSJMM CONSULTOR\u00cdA nace para satisfacer las necesidades de peque\u00f1os y medianos empresarios en tener la seguridad de que su patrimonio estar\u00e1 resguardado e incrementar\u00e1, mediante el control administrativo y financiero de su empresa, as\u00ed como de cumplir con las disposiciones fiscales que lo permitan proteger este mismo.Ponemos a su disposici\u00f3n nuestros conocimientos, experiencia, habilidades y [&hellip;]","og_url":"https:\/\/jmmconsultoriaempresarial.com\/en\/acerca\/","og_site_name":"JMM Consultor\u00eda","article_publisher":"https:\/\/www.facebook.com\/JMMConsultoriaEmpresarial\/","article_modified_time":"2022-06-21T03:04:57+00:00","twitter_card":"summary_large_image","schema":{"@context":"https:\/\/schema.org","@graph":[{"@type":"WebPage","@id":"https:\/\/jmmconsultoriaempresarial.com\/acerca\/","url":"https:\/\/jmmconsultoriaempresarial.com\/acerca\/","name":"Nosotros - JMM Consultor\u00eda","isPartOf":{"@id":"https:\/\/jmmconsultoriaempresarial.com\/#website"},"datePublished":"2022-03-18T05:22:27+00:00","dateModified":"2022-06-21T03:04:57+00:00","breadcrumb":{"@id":"https:\/\/jmmconsultoriaempresarial.com\/acerca\/#breadcrumb"},"inLanguage":"en-US","potentialAction":[{"@type":"ReadAction","target":["https:\/\/jmmconsultoriaempresarial.com\/acerca\/"]}]},{"@type":"BreadcrumbList","@id":"https:\/\/jmmconsultoriaempresarial.com\/acerca\/#breadcrumb","itemListElement":[{"@type":"ListItem","position":1,"name":"Inicio","item":"https:\/\/jmmconsultoriaempresarial.com\/"},{"@type":"ListItem","position":2,"name":"Nosotros"}]},{"@type":"WebSite","@id":"https:\/\/jmmconsultoriaempresarial.com\/#website","url":"https:\/\/jmmconsultoriaempresarial.com\/","name":"JMM Consultor\u00eda Empresarial","description":"Administrative solutions for your company.","publisher":{"@id":"https:\/\/jmmconsultoriaempresarial.com\/#organization"},"potentialAction":[{"@type":"SearchAction","target":{"@type":"EntryPoint","urlTemplate":"https:\/\/jmmconsultoriaempresarial.com\/?s={search_term_string}"},"query-input":{"@type":"PropertyValueSpecification","valueRequired":true,"valueName":"search_term_string"}}],"inLanguage":"en-US"},{"@type":"Organization","@id":"https:\/\/jmmconsultoriaempresarial.com\/#organization","name":"JMM Consultor\u00eda Empresarial","url":"https:\/\/jmmconsultoriaempresarial.com\/","logo":{"@type":"ImageObject","inLanguage":"en-US","@id":"https:\/\/jmmconsultoriaempresarial.com\/#\/schema\/logo\/image\/","url":"https:\/\/jmmconsultoriaempresarial.com\/wp-content\/uploads\/2022\/03\/cropped-cropped-J2M-1-e1647582834363.png","contentUrl":"https:\/\/jmmconsultoriaempresarial.com\/wp-content\/uploads\/2022\/03\/cropped-cropped-J2M-1-e1647582834363.png","width":150,"height":79,"caption":"JMM Consultor\u00eda Empresarial"},"image":{"@id":"https:\/\/jmmconsultoriaempresarial.com\/#\/schema\/logo\/image\/"},"sameAs":["https:\/\/www.facebook.com\/JMMConsultoriaEmpresarial\/"]}]}},"_links":{"self":[{"href":"https:\/\/jmmconsultoriaempresarial.com\/en\/wp-json\/wp\/v2\/pages\/13","targetHints":{"allow":["GET"]}}],"collection":[{"href":"https:\/\/jmmconsultoriaempresarial.com\/en\/wp-json\/wp\/v2\/pages"}],"about":[{"href":"https:\/\/jmmconsultoriaempresarial.com\/en\/wp-json\/wp\/v2\/types\/page"}],"author":[{"embeddable":true,"href":"https:\/\/jmmconsultoriaempresarial.com\/en\/wp-json\/wp\/v2\/users\/1"}],"replies":[{"embeddable":true,"href":"https:\/\/jmmconsultoriaempresarial.com\/en\/wp-json\/wp\/v2\/comments?post=13"}],"version-history":[{"count":4,"href":"https:\/\/jmmconsultoriaempresarial.com\/en\/wp-json\/wp\/v2\/pages\/13\/revisions"}],"predecessor-version":[{"id":73,"href":"https:\/\/jmmconsultoriaempresarial.com\/en\/wp-json\/wp\/v2\/pages\/13\/revisions\/73"}],"wp:attachment":[{"href":"https:\/\/jmmconsultoriaempresarial.com\/en\/wp-json\/wp\/v2\/media?parent=13"}],"curies":[{"name":"wp","href":"https:\/\/api.w.org\/{rel}","templated":true}]}}