{"id":166,"date":"2023-05-30T18:31:01","date_gmt":"2023-05-30T23:31:01","guid":{"rendered":"https:\/\/jmmconsultoriaempresarial.com\/?page_id=166"},"modified":"2023-05-30T18:35:05","modified_gmt":"2023-05-30T23:35:05","slug":"campana-checklist-multas-sat","status":"publish","type":"page","link":"https:\/\/jmmconsultoriaempresarial.com\/en\/newsletter\/campana-checklist-multas-sat\/","title":{"rendered":"Checklist campaign sat fines"},"content":{"rendered":"<h4>Obten el checklist de las multas m\u00e1s frecuentes con el SAT<\/h4>\n<ul>\n<li>Conoce los errores m\u00e1s frecuentes<\/li>\n<li>Conoce el monto de las multas<\/li>\n<li>Conoce los riesgos asociados a estos errores<\/li>\n<\/ul>\n<p>Escribe tu correo para obtener el checklist:<\/p>\n<pre class=\"wp-block-preformatted\"><h1>NOTICIAS FISCALES MEXICO 2023<\/h1>\r\n<h3>Suscribete a nuestra lista de correo y recibe las \u00faltimas noticias fiscales en M\u00e9xico<\/h3>\r\n<h3>Adem\u00e1s recibir\u00e1s:<\/h3>\r\n<ul>\r\n<li>\r\n<h4><em><strong>Ebooks sobre temas fiscales: Checklist Multas Sat 2023 (entre otros)<\/strong><\/em><\/h4>\r\n<\/li>\r\n<li>Notificaci\u00f3n de nuevos post sobre fiscal, laboral, etc.<\/li>\r\n<li>Herramientas fiscales y administrativas<\/li>\r\n<li>Tips para pymes<\/li>\r\n<li>Promociones para clientes<\/li>\r\n<\/ul>\r\n<p>Ingresa tu correo para descargar tu ebook (una vez confirmado tu correo recibiras la liga por correo)<\/p>\r\n<p><div class=\"tnp tnp-subscription\">\n<form method=\"post\" action=\"https:\/\/jmmconsultoriaempresarial.com\/wp-admin\/admin-ajax.php?action=tnp&amp;na=s\">\n<input type=\"hidden\" name=\"nlang\" value=\"\">\n<div class=\"tnp-field tnp-field-email\"><label for=\"tnp-1\">Email<\/label>\n<input class=\"tnp-email\" type=\"email\" name=\"ne\" id=\"tnp-1\" value=\"\" placeholder=\"\" required><\/div>\n<div class=\"tnp-field tnp-field-button\" style=\"text-align: left\"><input class=\"tnp-submit\" type=\"submit\" value=\"Subscribete\" style=\"\">\n<\/div>\n<\/form>\n<\/div>\n<\/p>\r\n<\/pre>\n<p>&nbsp;<\/p>\n<p>&nbsp;<\/p>\n<h4>Si tienes una duda fiscal o contable, ponte en contacto con uno de nuestros contadores expertos<\/h4>\n<p>&nbsp;<\/p>\n\n<div class=\"wpcf7 no-js\" id=\"wpcf7-f85-o1\" lang=\"en-US\" dir=\"ltr\" data-wpcf7-id=\"85\">\n<div class=\"screen-reader-response\"><p role=\"status\" aria-live=\"polite\" aria-atomic=\"true\"><\/p> <ul><\/ul><\/div>\n<form action=\"\/en\/wp-json\/wp\/v2\/pages\/166#wpcf7-f85-o1\" method=\"post\" class=\"wpcf7-form init\" aria-label=\"Contact form\" novalidate=\"novalidate\" data-status=\"init\" data-trp-original-action=\"\/en\/wp-json\/wp\/v2\/pages\/166#wpcf7-f85-o1\">\n<fieldset class=\"hidden-fields-container\"><input type=\"hidden\" name=\"_wpcf7\" value=\"85\" \/><input type=\"hidden\" name=\"_wpcf7_version\" value=\"6.1.5\" \/><input type=\"hidden\" name=\"_wpcf7_locale\" value=\"en_US\" \/><input type=\"hidden\" name=\"_wpcf7_unit_tag\" value=\"wpcf7-f85-o1\" \/><input type=\"hidden\" name=\"_wpcf7_container_post\" value=\"0\" \/><input type=\"hidden\" name=\"_wpcf7_posted_data_hash\" value=\"\" \/><input type=\"hidden\" name=\"_wpcf7_recaptcha_response\" value=\"\" \/>\n<\/fieldset>\n<p><label> Your name<br \/>\n<span class=\"wpcf7-form-control-wrap\" data-name=\"your-name\"><input size=\"40\" maxlength=\"400\" class=\"wpcf7-form-control wpcf7-text wpcf7-validates-as-required\" aria-required=\"true\" aria-invalid=\"false\" value=\"\" type=\"text\" name=\"your-name\" \/><\/span> <\/label>\n<\/p>\n<p><label> Your email (required)<br \/>\n<span class=\"wpcf7-form-control-wrap\" data-name=\"your-email\"><input size=\"40\" maxlength=\"400\" class=\"wpcf7-form-control wpcf7-email wpcf7-validates-as-required wpcf7-text wpcf7-validates-as-email\" aria-required=\"true\" aria-invalid=\"false\" value=\"\" type=\"email\" name=\"your-email\" \/><\/span> <\/label>\n<\/p>\n<p><label> Topic to be discussed<br \/>\n<span class=\"wpcf7-form-control-wrap\" data-name=\"your-subject\"><input size=\"40\" maxlength=\"400\" class=\"wpcf7-form-control wpcf7-text wpcf7-validates-as-required\" aria-required=\"true\" aria-invalid=\"false\" value=\"\" type=\"text\" name=\"your-subject\" \/><\/span> <\/label>\n<\/p>\n<p><label> Your message (optional)<br \/>\n<span class=\"wpcf7-form-control-wrap\" data-name=\"your-message\"><textarea cols=\"40\" rows=\"10\" maxlength=\"2000\" class=\"wpcf7-form-control wpcf7-textarea\" aria-invalid=\"false\" name=\"your-message\"><\/textarea><\/span> <\/label>\n<\/p>\n<p><input class=\"wpcf7-form-control wpcf7-submit has-spinner\" type=\"submit\" value=\"Send message\" \/>\n<\/p><p style=\"display: none !important;\" class=\"akismet-fields-container\" data-prefix=\"_wpcf7_ak_\"><label>\u0394<textarea name=\"_wpcf7_ak_hp_textarea\" cols=\"45\" rows=\"8\" maxlength=\"100\"><\/textarea><\/label><input type=\"hidden\" id=\"ak_js_1\" name=\"_wpcf7_ak_js\" value=\"240\"\/><script>document.getElementById( \"ak_js_1\" ).setAttribute( \"value\", ( new Date() ).getTime() );<\/script><\/p><div class=\"wpcf7-response-output\" aria-hidden=\"true\"><\/div>\n<input type=\"hidden\" name=\"trp-form-language\" value=\"en\"\/><\/form>\n<\/div>","protected":false},"excerpt":{"rendered":"<p>Obten el checklist de las multas m\u00e1s frecuentes con el SAT Conoce los errores m\u00e1s frecuentes Conoce el monto de las multas Conoce los riesgos asociados a estos errores Escribe tu correo para obtener el checklist: &nbsp; &nbsp; Si tienes una duda fiscal o contable, ponte en contacto con uno de nuestros contadores expertos &nbsp;<\/p>","protected":false},"author":1,"featured_media":0,"parent":149,"menu_order":0,"comment_status":"closed","ping_status":"closed","template":"","meta":{"site-sidebar-layout":"default","site-content-layout":"default","ast-site-content-layout":"default","site-content-style":"default","site-sidebar-style":"default","ast-global-header-display":"","ast-banner-title-visibility":"","ast-main-header-display":"","ast-hfb-above-header-display":"","ast-hfb-below-header-display":"","ast-hfb-mobile-header-display":"","site-post-title":"disabled","ast-breadcrumbs-content":"","ast-featured-img":"","footer-sml-layout":"","ast-disable-related-posts":"","theme-transparent-header-meta":"default","adv-header-id-meta":"","stick-header-meta":"","header-above-stick-meta":"","header-main-stick-meta":"","header-below-stick-meta":"","astra-migrate-meta-layouts":"default","ast-page-background-enabled":"default","ast-page-background-meta":{"desktop":{"background-color":"var(--ast-global-color-4)","background-image":"","background-repeat":"repeat","background-position":"center center","background-size":"auto","background-attachment":"scroll","background-type":"","background-media":"","overlay-type":"","overlay-color":"","overlay-opacity":"","overlay-gradient":""},"tablet":{"background-color":"","background-image":"","background-repeat":"repeat","background-position":"center center","background-size":"auto","background-attachment":"scroll","background-type":"","background-media":"","overlay-type":"","overlay-color":"","overlay-opacity":"","overlay-gradient":""},"mobile":{"background-color":"","background-image":"","background-repeat":"repeat","background-position":"center center","background-size":"auto","background-attachment":"scroll","background-type":"","background-media":"","overlay-type":"","overlay-color":"","overlay-opacity":"","overlay-gradient":""}},"ast-content-background-meta":{"desktop":{"background-color":"var(--ast-global-color-5)","background-image":"","background-repeat":"repeat","background-position":"center center","background-size":"auto","background-attachment":"scroll","background-type":"","background-media":"","overlay-type":"","overlay-color":"","overlay-opacity":"","overlay-gradient":""},"tablet":{"background-color":"var(--ast-global-color-5)","background-image":"","background-repeat":"repeat","background-position":"center center","background-size":"auto","background-attachment":"scroll","background-type":"","background-media":"","overlay-type":"","overlay-color":"","overlay-opacity":"","overlay-gradient":""},"mobile":{"background-color":"var(--ast-global-color-5)","background-image":"","background-repeat":"repeat","background-position":"center center","background-size":"auto","background-attachment":"scroll","background-type":"","background-media":"","overlay-type":"","overlay-color":"","overlay-opacity":"","overlay-gradient":""}},"footnotes":""},"class_list":["post-166","page","type-page","status-publish","hentry"],"yoast_head":"<!-- This site is optimized with the Yoast SEO plugin v27.0 - https:\/\/yoast.com\/product\/yoast-seo-wordpress\/ -->\n<title>Campa\u00f1a Checklist multas sat - JMM Consultor\u00eda<\/title>\n<meta name=\"robots\" content=\"index, follow, max-snippet:-1, max-image-preview:large, max-video-preview:-1\" \/>\n<link rel=\"canonical\" href=\"https:\/\/jmmconsultoriaempresarial.com\/en\/newsletter\/campana-checklist-multas-sat\/\" \/>\n<meta property=\"og:locale\" content=\"en_US\" \/>\n<meta property=\"og:type\" content=\"article\" \/>\n<meta property=\"og:title\" content=\"Campa\u00f1a Checklist multas sat - JMM Consultor\u00eda\" \/>\n<meta property=\"og:description\" content=\"Obten el checklist de las multas m\u00e1s frecuentes con el SAT Conoce los errores m\u00e1s frecuentes Conoce el monto de las multas Conoce los riesgos asociados a estos errores Escribe tu correo para obtener el checklist: &nbsp; &nbsp; Si tienes una duda fiscal o contable, ponte en contacto con uno de nuestros contadores expertos &nbsp;\" \/>\n<meta property=\"og:url\" content=\"https:\/\/jmmconsultoriaempresarial.com\/en\/newsletter\/campana-checklist-multas-sat\/\" \/>\n<meta property=\"og:site_name\" content=\"JMM Consultor\u00eda\" \/>\n<meta property=\"article:publisher\" content=\"https:\/\/www.facebook.com\/JMMConsultoriaEmpresarial\/\" \/>\n<meta property=\"article:modified_time\" content=\"2023-05-30T23:35:05+00:00\" \/>\n<meta name=\"twitter:card\" content=\"summary_large_image\" \/>\n<meta name=\"twitter:label1\" content=\"Est. reading time\" \/>\n\t<meta name=\"twitter:data1\" content=\"1 minute\" \/>\n<script type=\"application\/ld+json\" class=\"yoast-schema-graph\">{\"@context\":\"https:\/\/schema.org\",\"@graph\":[{\"@type\":\"WebPage\",\"@id\":\"https:\/\/jmmconsultoriaempresarial.com\/newsletter\/campana-checklist-multas-sat\/\",\"url\":\"https:\/\/jmmconsultoriaempresarial.com\/newsletter\/campana-checklist-multas-sat\/\",\"name\":\"Campa\u00f1a Checklist multas sat - JMM Consultor\u00eda\",\"isPartOf\":{\"@id\":\"https:\/\/jmmconsultoriaempresarial.com\/#website\"},\"datePublished\":\"2023-05-30T23:31:01+00:00\",\"dateModified\":\"2023-05-30T23:35:05+00:00\",\"breadcrumb\":{\"@id\":\"https:\/\/jmmconsultoriaempresarial.com\/newsletter\/campana-checklist-multas-sat\/#breadcrumb\"},\"inLanguage\":\"en-US\",\"potentialAction\":[{\"@type\":\"ReadAction\",\"target\":[\"https:\/\/jmmconsultoriaempresarial.com\/newsletter\/campana-checklist-multas-sat\/\"]}]},{\"@type\":\"BreadcrumbList\",\"@id\":\"https:\/\/jmmconsultoriaempresarial.com\/newsletter\/campana-checklist-multas-sat\/#breadcrumb\",\"itemListElement\":[{\"@type\":\"ListItem\",\"position\":1,\"name\":\"Inicio\",\"item\":\"https:\/\/jmmconsultoriaempresarial.com\/\"},{\"@type\":\"ListItem\",\"position\":2,\"name\":\"Newsletter\",\"item\":\"https:\/\/jmmconsultoriaempresarial.com\/newsletter\/\"},{\"@type\":\"ListItem\",\"position\":3,\"name\":\"Campa\u00f1a Checklist multas sat\"}]},{\"@type\":\"WebSite\",\"@id\":\"https:\/\/jmmconsultoriaempresarial.com\/#website\",\"url\":\"https:\/\/jmmconsultoriaempresarial.com\/\",\"name\":\"JMM Consultor\u00eda Empresarial\",\"description\":\"Soluciones administrativas para tu empresa.\",\"publisher\":{\"@id\":\"https:\/\/jmmconsultoriaempresarial.com\/#organization\"},\"potentialAction\":[{\"@type\":\"SearchAction\",\"target\":{\"@type\":\"EntryPoint\",\"urlTemplate\":\"https:\/\/jmmconsultoriaempresarial.com\/?s={search_term_string}\"},\"query-input\":{\"@type\":\"PropertyValueSpecification\",\"valueRequired\":true,\"valueName\":\"search_term_string\"}}],\"inLanguage\":\"en-US\"},{\"@type\":\"Organization\",\"@id\":\"https:\/\/jmmconsultoriaempresarial.com\/#organization\",\"name\":\"JMM Consultor\u00eda Empresarial\",\"url\":\"https:\/\/jmmconsultoriaempresarial.com\/\",\"logo\":{\"@type\":\"ImageObject\",\"inLanguage\":\"en-US\",\"@id\":\"https:\/\/jmmconsultoriaempresarial.com\/#\/schema\/logo\/image\/\",\"url\":\"https:\/\/jmmconsultoriaempresarial.com\/wp-content\/uploads\/2022\/03\/cropped-cropped-J2M-1-e1647582834363.png\",\"contentUrl\":\"https:\/\/jmmconsultoriaempresarial.com\/wp-content\/uploads\/2022\/03\/cropped-cropped-J2M-1-e1647582834363.png\",\"width\":150,\"height\":79,\"caption\":\"JMM Consultor\u00eda Empresarial\"},\"image\":{\"@id\":\"https:\/\/jmmconsultoriaempresarial.com\/#\/schema\/logo\/image\/\"},\"sameAs\":[\"https:\/\/www.facebook.com\/JMMConsultoriaEmpresarial\/\"]}]}<\/script>\n<!-- \/ Yoast SEO plugin. -->","yoast_head_json":{"title":"Campa\u00f1a Checklist multas sat - JMM Consultor\u00eda","robots":{"index":"index","follow":"follow","max-snippet":"max-snippet:-1","max-image-preview":"max-image-preview:large","max-video-preview":"max-video-preview:-1"},"canonical":"https:\/\/jmmconsultoriaempresarial.com\/en\/newsletter\/campana-checklist-multas-sat\/","og_locale":"en_US","og_type":"article","og_title":"Campa\u00f1a Checklist multas sat - JMM Consultor\u00eda","og_description":"Obten el checklist de las multas m\u00e1s frecuentes con el SAT Conoce los errores m\u00e1s frecuentes Conoce el monto de las multas Conoce los riesgos asociados a estos errores Escribe tu correo para obtener el checklist: &nbsp; &nbsp; Si tienes una duda fiscal o contable, ponte en contacto con uno de nuestros contadores expertos &nbsp;","og_url":"https:\/\/jmmconsultoriaempresarial.com\/en\/newsletter\/campana-checklist-multas-sat\/","og_site_name":"JMM Consultor\u00eda","article_publisher":"https:\/\/www.facebook.com\/JMMConsultoriaEmpresarial\/","article_modified_time":"2023-05-30T23:35:05+00:00","twitter_card":"summary_large_image","twitter_misc":{"Est. reading time":"1 minute"},"schema":{"@context":"https:\/\/schema.org","@graph":[{"@type":"WebPage","@id":"https:\/\/jmmconsultoriaempresarial.com\/newsletter\/campana-checklist-multas-sat\/","url":"https:\/\/jmmconsultoriaempresarial.com\/newsletter\/campana-checklist-multas-sat\/","name":"Campa\u00f1a Checklist multas sat - JMM Consultor\u00eda","isPartOf":{"@id":"https:\/\/jmmconsultoriaempresarial.com\/#website"},"datePublished":"2023-05-30T23:31:01+00:00","dateModified":"2023-05-30T23:35:05+00:00","breadcrumb":{"@id":"https:\/\/jmmconsultoriaempresarial.com\/newsletter\/campana-checklist-multas-sat\/#breadcrumb"},"inLanguage":"en-US","potentialAction":[{"@type":"ReadAction","target":["https:\/\/jmmconsultoriaempresarial.com\/newsletter\/campana-checklist-multas-sat\/"]}]},{"@type":"BreadcrumbList","@id":"https:\/\/jmmconsultoriaempresarial.com\/newsletter\/campana-checklist-multas-sat\/#breadcrumb","itemListElement":[{"@type":"ListItem","position":1,"name":"Inicio","item":"https:\/\/jmmconsultoriaempresarial.com\/"},{"@type":"ListItem","position":2,"name":"Newsletter","item":"https:\/\/jmmconsultoriaempresarial.com\/newsletter\/"},{"@type":"ListItem","position":3,"name":"Campa\u00f1a Checklist multas sat"}]},{"@type":"WebSite","@id":"https:\/\/jmmconsultoriaempresarial.com\/#website","url":"https:\/\/jmmconsultoriaempresarial.com\/","name":"JMM Consultor\u00eda Empresarial","description":"Administrative solutions for your company.","publisher":{"@id":"https:\/\/jmmconsultoriaempresarial.com\/#organization"},"potentialAction":[{"@type":"SearchAction","target":{"@type":"EntryPoint","urlTemplate":"https:\/\/jmmconsultoriaempresarial.com\/?s={search_term_string}"},"query-input":{"@type":"PropertyValueSpecification","valueRequired":true,"valueName":"search_term_string"}}],"inLanguage":"en-US"},{"@type":"Organization","@id":"https:\/\/jmmconsultoriaempresarial.com\/#organization","name":"JMM Consultor\u00eda Empresarial","url":"https:\/\/jmmconsultoriaempresarial.com\/","logo":{"@type":"ImageObject","inLanguage":"en-US","@id":"https:\/\/jmmconsultoriaempresarial.com\/#\/schema\/logo\/image\/","url":"https:\/\/jmmconsultoriaempresarial.com\/wp-content\/uploads\/2022\/03\/cropped-cropped-J2M-1-e1647582834363.png","contentUrl":"https:\/\/jmmconsultoriaempresarial.com\/wp-content\/uploads\/2022\/03\/cropped-cropped-J2M-1-e1647582834363.png","width":150,"height":79,"caption":"JMM Consultor\u00eda Empresarial"},"image":{"@id":"https:\/\/jmmconsultoriaempresarial.com\/#\/schema\/logo\/image\/"},"sameAs":["https:\/\/www.facebook.com\/JMMConsultoriaEmpresarial\/"]}]}},"_links":{"self":[{"href":"https:\/\/jmmconsultoriaempresarial.com\/en\/wp-json\/wp\/v2\/pages\/166","targetHints":{"allow":["GET"]}}],"collection":[{"href":"https:\/\/jmmconsultoriaempresarial.com\/en\/wp-json\/wp\/v2\/pages"}],"about":[{"href":"https:\/\/jmmconsultoriaempresarial.com\/en\/wp-json\/wp\/v2\/types\/page"}],"author":[{"embeddable":true,"href":"https:\/\/jmmconsultoriaempresarial.com\/en\/wp-json\/wp\/v2\/users\/1"}],"replies":[{"embeddable":true,"href":"https:\/\/jmmconsultoriaempresarial.com\/en\/wp-json\/wp\/v2\/comments?post=166"}],"version-history":[{"count":6,"href":"https:\/\/jmmconsultoriaempresarial.com\/en\/wp-json\/wp\/v2\/pages\/166\/revisions"}],"predecessor-version":[{"id":172,"href":"https:\/\/jmmconsultoriaempresarial.com\/en\/wp-json\/wp\/v2\/pages\/166\/revisions\/172"}],"up":[{"embeddable":true,"href":"https:\/\/jmmconsultoriaempresarial.com\/en\/wp-json\/wp\/v2\/pages\/149"}],"wp:attachment":[{"href":"https:\/\/jmmconsultoriaempresarial.com\/en\/wp-json\/wp\/v2\/media?parent=166"}],"curies":[{"name":"wp","href":"https:\/\/api.w.org\/{rel}","templated":true}]}}