{"id":24,"date":"2022-03-23T03:29:05","date_gmt":"2022-03-23T03:29:05","guid":{"rendered":"http:\/\/jmmconsultoria.local\/?page_id=24"},"modified":"2022-06-21T03:05:25","modified_gmt":"2022-06-21T03:05:25","slug":"servicios","status":"publish","type":"page","link":"https:\/\/jmmconsultoriaempresarial.com\/en\/servicios\/","title":{"rendered":"Services"},"content":{"rendered":"<div id=\"wppb-builder-container\" class=\"wppb-builder-container\">                <div  class=\"wppb-row-parent  wppb-row-1649474110750\"  >\n\t\t\t\t\t\n\t\t\t\t\t\t\t\t\t\t\n\t\t\t\t\t\t\t\t\t\t\n\t\t\t\t\t<div class=\"wppb-container\">\n\t\t\t\t\t\t\t\t\t\t\t\t\t\n                        <div class=\"wppb-row\">\n\t\t\t\t\t\t\t                                    <div  class=\"wppb-column-parent wppb-column-parent-view wppb-col-1649474110749\"  >\n                                        <div class=\"wppb-column\">\n\t\t\t\t\t\n\t\t\t\t\t\t\t\t\t\t\t\n                                            <div class=\"wppb-builder-addons\">\n\t\t\t\t\t\t\t\t\t\t\t\t<div class='wppb-builder-addon wppb-addon-1649474160462'  data-addon-id='1649474160462'><div class='wppb-addon'><div class=\"wppb-feature-box-addon\"><div class=\"wppb-feature-box-content\"><div class=\"wppb-feature-box-icon\"><i class=\"wppb-font-management\"><\/i><\/div><h3 class=\"wppb-feature-box-title\">ADMINISTRATIVOS<\/h3><div class=\"wppb-feature-box-intro\">Our administrative solutions allow you to chart the right course for your company, achieving greater efficiency in processes and higher profits.<\/div><a target=\"_self\" href=\"\/en\/administrativos\/\"  class=\"wppb-btn-addons\"><span>Learn more...<\/span><\/a><\/div><\/div><\/div><\/div>                                            <\/div>\n                                        <\/div>\n                                    <\/div>\n\t\t\t\t\t\t\t\t\t                        <\/div>\n\n                    <\/div>\n                <\/div>\n\t\t\t\t                <div  class=\"wppb-row-parent  wppb-row-1649474110760\"  >\n\t\t\t\t\t\n\t\t\t\t\t\t\t\t\t\t\n\t\t\t\t\t\t\t\t\t\t\n\t\t\t\t\t<div class=\"wppb-container\">\n\t\t\t\t\t\t\t\t\t\t\t\t\t\n                        <div class=\"wppb-row\">\n\t\t\t\t\t\t\t                                    <div  class=\"wppb-column-parent wppb-column-parent-view wppb-col-1649474110759\"  >\n                                        <div class=\"wppb-column\">\n\t\t\t\t\t\n\t\t\t\t\t\t\t\t\t\t\t\n                                            <div class=\"wppb-builder-addons\">\n\t\t\t\t\t\t\t\t\t\t\t\t<div class='wppb-builder-addon wppb-addon-1649474191418'  data-addon-id='1649474191418'><div class='wppb-addon'><div class=\"wppb-feature-box-addon\"><div class=\"wppb-feature-box-content\"><div class=\"wppb-feature-box-icon\"><i class=\"wppb-font-money1\"><\/i><\/div><h3 class=\"wppb-feature-box-title\">CONTABLES, FINANCIEROS Y FISCALES<\/h3><div class=\"wppb-feature-box-intro\">Apoyamos en el correcto registro contable de tus operaciones, lo que permite obtener informaci\u00f3n financiera para la toma de decisiones, lo que se traducen en la mejora del sistema de costos y la planeaci\u00f3n de mayores utilidades. Adem\u00e1s, una correcta contabilidad es la base para poder optimizar los impuestos y contribuciones que paga la empresa, de esta manera protegiendo el patrimonio tuyo y de tu familia.<\/div><a target=\"_self\" href=\"\/en\/financieros-y-fiscales\/\"  class=\"wppb-btn-addons\"><span>Learn more...<\/span><\/a><\/div><\/div><\/div><\/div>                                            <\/div>\n                                        <\/div>\n                                    <\/div>\n\t\t\t\t\t\t\t\t\t                        <\/div>\n\n                    <\/div>\n                <\/div>\n\t\t\t\t                <div  class=\"wppb-row-parent  wppb-row-1649474110766\"  >\n\t\t\t\t\t\n\t\t\t\t\t\t\t\t\t\t\n\t\t\t\t\t\t\t\t\t\t\n\t\t\t\t\t<div class=\"wppb-container\">\n\t\t\t\t\t\t\t\t\t\t\t\t\t\n                        <div class=\"wppb-row\">\n\t\t\t\t\t\t\t                                    <div  class=\"wppb-column-parent wppb-column-parent-view wppb-col-1649474110765\"  >\n                                        <div class=\"wppb-column\">\n\t\t\t\t\t\n\t\t\t\t\t\t\t\t\t\t\t\n                                            <div class=\"wppb-builder-addons\">\n\t\t\t\t\t\t\t\t\t\t\t\t<div class='wppb-builder-addon wppb-addon-1649474212355'  data-addon-id='1649474212355'><div class='wppb-addon'><div class=\"wppb-feature-box-addon\"><div class=\"wppb-feature-box-content\"><div class=\"wppb-feature-box-icon\"><i class=\"wppb-font-person\"><\/i><\/div><h3 class=\"wppb-feature-box-title\">ADMINISTRACI\u00d3N DEL CAPITAL HUMANO<\/h3><div class=\"wppb-feature-box-intro\">The objective of our Human Resources solutions is to help you find the right candidate for your vacancy, as well as to formulate the best strategy to evaluate and compensate them according to their capabilities.<\/div><a target=\"_self\" href=\"\/en\/recursos-humanos\/\"  class=\"wppb-btn-addons\"><span>Learn more...<\/span><\/a><\/div><\/div><\/div><\/div>                                            <\/div>\n                                        <\/div>\n                                    <\/div>\n\t\t\t\t\t\t\t\t\t                        <\/div>\n\n                    <\/div>\n                <\/div>\n\t\t\t\t                <div  class=\"wppb-row-parent  wppb-row-1655951344337\"  >\n\t\t\t\t\t\n\t\t\t\t\t\t\t\t\t\t\n\t\t\t\t\t\t\t\t\t\t\n\t\t\t\t\t<div class=\"wppb-container\">\n\t\t\t\t\t\t\t\t\t\t\t\t\t\n                        <div class=\"wppb-row\">\n\t\t\t\t\t\t\t                                    <div  class=\"wppb-column-parent wppb-column-parent-view wppb-col-1655951344336\"  >\n                                        <div class=\"wppb-column\">\n\t\t\t\t\t\n\t\t\t\t\t\t\t\t\t\t\t\n                                            <div class=\"wppb-builder-addons\">\n\t\t\t\t\t\t\t\t\t\t\t\t<div class='wppb-builder-addon wppb-addon-1655951365546'  data-addon-id='1655951365546'><div class='wppb-addon'><div class=\"wppb-addon wppb-button-addon\"><div class=\"wppb-button-addon-content\"><a  href=\"https:\/\/api.whatsapp.com\/send?phone=5214613132479&#038;text=Hola%20Estoy%20Interesad@%20en%20una%20Asesor\u00eda%20Gracias.%20\" target=\"_blank\" class=\"wppb-btn-addons  wppb-btn-success wppb-btn-rounded wppb-btn-large wppb-btn-no\"><i class=\"fab fa-whatsapp\"><\/i> Request your first free consultation<\/a><\/div><\/div><\/div><\/div>                                            <\/div>\n                                        <\/div>\n                                    <\/div>\n\t\t\t\t\t\t\t\t\t                        <\/div>\n\n                    <\/div>\n                <\/div>\n\t\t\t\t<\/div>","protected":false},"excerpt":{"rendered":"<p>ADMINISTRATIVOSNuestras soluciones administrativas permiten trazar el rumbo correcto de tu empresa, logrando una mayor eficiencia en los procesos y mayores utilidades.Saber m\u00e1s&#8230; CONTABLES, FINANCIEROS Y FISCALESApoyamos en el correcto registro contable de tus operaciones, lo que permite obtener informaci\u00f3n financiera para la toma de decisiones, lo que se traducen en la mejora del sistema de [&hellip;]<\/p>\n","protected":false},"author":1,"featured_media":0,"parent":0,"menu_order":0,"comment_status":"closed","ping_status":"closed","template":"","meta":{"site-sidebar-layout":"default","site-content-layout":"default","ast-site-content-layout":"default","site-content-style":"default","site-sidebar-style":"default","ast-global-header-display":"","ast-banner-title-visibility":"","ast-main-header-display":"","ast-hfb-above-header-display":"","ast-hfb-below-header-display":"","ast-hfb-mobile-header-display":"","site-post-title":"disabled","ast-breadcrumbs-content":"","ast-featured-img":"","footer-sml-layout":"","ast-disable-related-posts":"","theme-transparent-header-meta":"default","adv-header-id-meta":"","stick-header-meta":"","header-above-stick-meta":"","header-main-stick-meta":"","header-below-stick-meta":"","astra-migrate-meta-layouts":"default","ast-page-background-enabled":"default","ast-page-background-meta":{"desktop":{"background-color":"var(--ast-global-color-4)","background-image":"","background-repeat":"repeat","background-position":"center center","background-size":"auto","background-attachment":"scroll","background-type":"","background-media":"","overlay-type":"","overlay-color":"","overlay-opacity":"","overlay-gradient":""},"tablet":{"background-color":"","background-image":"","background-repeat":"repeat","background-position":"center center","background-size":"auto","background-attachment":"scroll","background-type":"","background-media":"","overlay-type":"","overlay-color":"","overlay-opacity":"","overlay-gradient":""},"mobile":{"background-color":"","background-image":"","background-repeat":"repeat","background-position":"center center","background-size":"auto","background-attachment":"scroll","background-type":"","background-media":"","overlay-type":"","overlay-color":"","overlay-opacity":"","overlay-gradient":""}},"ast-content-background-meta":{"desktop":{"background-color":"var(--ast-global-color-5)","background-image":"","background-repeat":"repeat","background-position":"center center","background-size":"auto","background-attachment":"scroll","background-type":"","background-media":"","overlay-type":"","overlay-color":"","overlay-opacity":"","overlay-gradient":""},"tablet":{"background-color":"var(--ast-global-color-5)","background-image":"","background-repeat":"repeat","background-position":"center center","background-size":"auto","background-attachment":"scroll","background-type":"","background-media":"","overlay-type":"","overlay-color":"","overlay-opacity":"","overlay-gradient":""},"mobile":{"background-color":"var(--ast-global-color-5)","background-image":"","background-repeat":"repeat","background-position":"center center","background-size":"auto","background-attachment":"scroll","background-type":"","background-media":"","overlay-type":"","overlay-color":"","overlay-opacity":"","overlay-gradient":""}},"footnotes":""},"class_list":["post-24","page","type-page","status-publish","hentry"],"yoast_head":"<!-- This site is optimized with the Yoast SEO plugin v27.0 - https:\/\/yoast.com\/product\/yoast-seo-wordpress\/ -->\n<title>Servicios - JMM Consultor\u00eda<\/title>\n<meta name=\"robots\" content=\"index, follow, max-snippet:-1, max-image-preview:large, max-video-preview:-1\" \/>\n<link rel=\"canonical\" href=\"https:\/\/jmmconsultoriaempresarial.com\/en\/servicios\/\" \/>\n<meta property=\"og:locale\" content=\"en_US\" \/>\n<meta property=\"og:type\" content=\"article\" \/>\n<meta property=\"og:title\" content=\"Servicios - JMM Consultor\u00eda\" \/>\n<meta property=\"og:description\" content=\"ADMINISTRATIVOSNuestras soluciones administrativas permiten trazar el rumbo correcto de tu empresa, logrando una mayor eficiencia en los procesos y mayores utilidades.Saber m\u00e1s... CONTABLES, FINANCIEROS Y FISCALESApoyamos en el correcto registro contable de tus operaciones, lo que permite obtener informaci\u00f3n financiera para la toma de decisiones, lo que se traducen en la mejora del sistema de [&hellip;]\" \/>\n<meta property=\"og:url\" content=\"https:\/\/jmmconsultoriaempresarial.com\/en\/servicios\/\" \/>\n<meta property=\"og:site_name\" content=\"JMM Consultor\u00eda\" \/>\n<meta property=\"article:publisher\" content=\"https:\/\/www.facebook.com\/JMMConsultoriaEmpresarial\/\" \/>\n<meta property=\"article:modified_time\" content=\"2022-06-21T03:05:25+00:00\" \/>\n<meta name=\"twitter:card\" content=\"summary_large_image\" \/>\n<script type=\"application\/ld+json\" class=\"yoast-schema-graph\">{\"@context\":\"https:\/\/schema.org\",\"@graph\":[{\"@type\":\"WebPage\",\"@id\":\"https:\/\/jmmconsultoriaempresarial.com\/servicios\/\",\"url\":\"https:\/\/jmmconsultoriaempresarial.com\/servicios\/\",\"name\":\"Servicios - JMM Consultor\u00eda\",\"isPartOf\":{\"@id\":\"https:\/\/jmmconsultoriaempresarial.com\/#website\"},\"datePublished\":\"2022-03-23T03:29:05+00:00\",\"dateModified\":\"2022-06-21T03:05:25+00:00\",\"breadcrumb\":{\"@id\":\"https:\/\/jmmconsultoriaempresarial.com\/servicios\/#breadcrumb\"},\"inLanguage\":\"en-US\",\"potentialAction\":[{\"@type\":\"ReadAction\",\"target\":[\"https:\/\/jmmconsultoriaempresarial.com\/servicios\/\"]}]},{\"@type\":\"BreadcrumbList\",\"@id\":\"https:\/\/jmmconsultoriaempresarial.com\/servicios\/#breadcrumb\",\"itemListElement\":[{\"@type\":\"ListItem\",\"position\":1,\"name\":\"Inicio\",\"item\":\"https:\/\/jmmconsultoriaempresarial.com\/\"},{\"@type\":\"ListItem\",\"position\":2,\"name\":\"Servicios\"}]},{\"@type\":\"WebSite\",\"@id\":\"https:\/\/jmmconsultoriaempresarial.com\/#website\",\"url\":\"https:\/\/jmmconsultoriaempresarial.com\/\",\"name\":\"JMM Consultor\u00eda Empresarial\",\"description\":\"Soluciones administrativas para tu empresa.\",\"publisher\":{\"@id\":\"https:\/\/jmmconsultoriaempresarial.com\/#organization\"},\"potentialAction\":[{\"@type\":\"SearchAction\",\"target\":{\"@type\":\"EntryPoint\",\"urlTemplate\":\"https:\/\/jmmconsultoriaempresarial.com\/?s={search_term_string}\"},\"query-input\":{\"@type\":\"PropertyValueSpecification\",\"valueRequired\":true,\"valueName\":\"search_term_string\"}}],\"inLanguage\":\"en-US\"},{\"@type\":\"Organization\",\"@id\":\"https:\/\/jmmconsultoriaempresarial.com\/#organization\",\"name\":\"JMM Consultor\u00eda Empresarial\",\"url\":\"https:\/\/jmmconsultoriaempresarial.com\/\",\"logo\":{\"@type\":\"ImageObject\",\"inLanguage\":\"en-US\",\"@id\":\"https:\/\/jmmconsultoriaempresarial.com\/#\/schema\/logo\/image\/\",\"url\":\"https:\/\/jmmconsultoriaempresarial.com\/wp-content\/uploads\/2022\/03\/cropped-cropped-J2M-1-e1647582834363.png\",\"contentUrl\":\"https:\/\/jmmconsultoriaempresarial.com\/wp-content\/uploads\/2022\/03\/cropped-cropped-J2M-1-e1647582834363.png\",\"width\":150,\"height\":79,\"caption\":\"JMM Consultor\u00eda Empresarial\"},\"image\":{\"@id\":\"https:\/\/jmmconsultoriaempresarial.com\/#\/schema\/logo\/image\/\"},\"sameAs\":[\"https:\/\/www.facebook.com\/JMMConsultoriaEmpresarial\/\"]}]}<\/script>\n<!-- \/ Yoast SEO plugin. -->","yoast_head_json":{"title":"Servicios - JMM Consultor\u00eda","robots":{"index":"index","follow":"follow","max-snippet":"max-snippet:-1","max-image-preview":"max-image-preview:large","max-video-preview":"max-video-preview:-1"},"canonical":"https:\/\/jmmconsultoriaempresarial.com\/en\/servicios\/","og_locale":"en_US","og_type":"article","og_title":"Servicios - JMM Consultor\u00eda","og_description":"ADMINISTRATIVOSNuestras soluciones administrativas permiten trazar el rumbo correcto de tu empresa, logrando una mayor eficiencia en los procesos y mayores utilidades.Saber m\u00e1s... CONTABLES, FINANCIEROS Y FISCALESApoyamos en el correcto registro contable de tus operaciones, lo que permite obtener informaci\u00f3n financiera para la toma de decisiones, lo que se traducen en la mejora del sistema de [&hellip;]","og_url":"https:\/\/jmmconsultoriaempresarial.com\/en\/servicios\/","og_site_name":"JMM Consultor\u00eda","article_publisher":"https:\/\/www.facebook.com\/JMMConsultoriaEmpresarial\/","article_modified_time":"2022-06-21T03:05:25+00:00","twitter_card":"summary_large_image","schema":{"@context":"https:\/\/schema.org","@graph":[{"@type":"WebPage","@id":"https:\/\/jmmconsultoriaempresarial.com\/servicios\/","url":"https:\/\/jmmconsultoriaempresarial.com\/servicios\/","name":"Servicios - JMM Consultor\u00eda","isPartOf":{"@id":"https:\/\/jmmconsultoriaempresarial.com\/#website"},"datePublished":"2022-03-23T03:29:05+00:00","dateModified":"2022-06-21T03:05:25+00:00","breadcrumb":{"@id":"https:\/\/jmmconsultoriaempresarial.com\/servicios\/#breadcrumb"},"inLanguage":"en-US","potentialAction":[{"@type":"ReadAction","target":["https:\/\/jmmconsultoriaempresarial.com\/servicios\/"]}]},{"@type":"BreadcrumbList","@id":"https:\/\/jmmconsultoriaempresarial.com\/servicios\/#breadcrumb","itemListElement":[{"@type":"ListItem","position":1,"name":"Inicio","item":"https:\/\/jmmconsultoriaempresarial.com\/"},{"@type":"ListItem","position":2,"name":"Servicios"}]},{"@type":"WebSite","@id":"https:\/\/jmmconsultoriaempresarial.com\/#website","url":"https:\/\/jmmconsultoriaempresarial.com\/","name":"JMM Consultor\u00eda Empresarial","description":"Administrative solutions for your company.","publisher":{"@id":"https:\/\/jmmconsultoriaempresarial.com\/#organization"},"potentialAction":[{"@type":"SearchAction","target":{"@type":"EntryPoint","urlTemplate":"https:\/\/jmmconsultoriaempresarial.com\/?s={search_term_string}"},"query-input":{"@type":"PropertyValueSpecification","valueRequired":true,"valueName":"search_term_string"}}],"inLanguage":"en-US"},{"@type":"Organization","@id":"https:\/\/jmmconsultoriaempresarial.com\/#organization","name":"JMM Consultor\u00eda Empresarial","url":"https:\/\/jmmconsultoriaempresarial.com\/","logo":{"@type":"ImageObject","inLanguage":"en-US","@id":"https:\/\/jmmconsultoriaempresarial.com\/#\/schema\/logo\/image\/","url":"https:\/\/jmmconsultoriaempresarial.com\/wp-content\/uploads\/2022\/03\/cropped-cropped-J2M-1-e1647582834363.png","contentUrl":"https:\/\/jmmconsultoriaempresarial.com\/wp-content\/uploads\/2022\/03\/cropped-cropped-J2M-1-e1647582834363.png","width":150,"height":79,"caption":"JMM Consultor\u00eda Empresarial"},"image":{"@id":"https:\/\/jmmconsultoriaempresarial.com\/#\/schema\/logo\/image\/"},"sameAs":["https:\/\/www.facebook.com\/JMMConsultoriaEmpresarial\/"]}]}},"_links":{"self":[{"href":"https:\/\/jmmconsultoriaempresarial.com\/en\/wp-json\/wp\/v2\/pages\/24","targetHints":{"allow":["GET"]}}],"collection":[{"href":"https:\/\/jmmconsultoriaempresarial.com\/en\/wp-json\/wp\/v2\/pages"}],"about":[{"href":"https:\/\/jmmconsultoriaempresarial.com\/en\/wp-json\/wp\/v2\/types\/page"}],"author":[{"embeddable":true,"href":"https:\/\/jmmconsultoriaempresarial.com\/en\/wp-json\/wp\/v2\/users\/1"}],"replies":[{"embeddable":true,"href":"https:\/\/jmmconsultoriaempresarial.com\/en\/wp-json\/wp\/v2\/comments?post=24"}],"version-history":[{"count":1,"href":"https:\/\/jmmconsultoriaempresarial.com\/en\/wp-json\/wp\/v2\/pages\/24\/revisions"}],"predecessor-version":[{"id":25,"href":"https:\/\/jmmconsultoriaempresarial.com\/en\/wp-json\/wp\/v2\/pages\/24\/revisions\/25"}],"wp:attachment":[{"href":"https:\/\/jmmconsultoriaempresarial.com\/en\/wp-json\/wp\/v2\/media?parent=24"}],"curies":[{"name":"wp","href":"https:\/\/api.w.org\/{rel}","templated":true}]}}