{"id":48,"date":"2022-03-30T04:48:13","date_gmt":"2022-03-30T04:48:13","guid":{"rendered":"http:\/\/jmmconsultoria.local\/?page_id=48"},"modified":"2022-06-21T03:06:03","modified_gmt":"2022-06-21T03:06:03","slug":"financieros-y-fiscales","status":"publish","type":"page","link":"https:\/\/jmmconsultoriaempresarial.com\/en\/servicios\/financieros-y-fiscales\/","title":{"rendered":"Financial and Tax"},"content":{"rendered":"<div id=\"wppb-builder-container\" class=\"wppb-builder-container\">                <div  class=\"wppb-row-parent  wppb-row-1649474706907\"  >\n\t\t\t\t\t\n\t\t\t\t\t\t\t\t\t\t\n\t\t\t\t\t\t\t\t\t\t\n\t\t\t\t\t<div class=\"wppb-container\">\n\t\t\t\t\t\t\t\t\t\t\t\t\t\n                        <div class=\"wppb-row\">\n\t\t\t\t\t\t\t                                    <div  class=\"wppb-column-parent wppb-column-parent-view wppb-col-1649474706906\"  >\n                                        <div class=\"wppb-column\">\n\t\t\t\t\t\n\t\t\t\t\t\t\t\t\t\t\t\n                                            <div class=\"wppb-builder-addons\">\n\t\t\t\t\t\t\t\t\t\t\t\t<div class='wppb-builder-addon wppb-addon-1649474720889'  data-addon-id='1649474720889'><div class='wppb-addon'><div class=\"wppb-image-hover-addon wppb-image-hover-one wppb-image-hover-bottomleft\"><div class=\"wppb-image-hover-content\"><div class=\"wppb-image-hover-background image-hover-slideleft\"><div class=\"wppb-image-hover-bg\"><\/div><div class=\"wppb-image-hover-overlay\"><\/div><\/div><div class=\"wppb-image-hover-intro\"><h2 class=\"wppb-image-hover-title wppb-image-hover-title-1\">ACCOUNTING, FINANCIAL AND TAX SERVICES<\/h2><\/div><\/div><\/div><\/div><\/div>                                            <\/div>\n                                        <\/div>\n                                    <\/div>\n\t\t\t\t\t\t\t\t\t                        <\/div>\n\n                    <\/div>\n                <\/div>\n\t\t\t\t                <div  class=\"wppb-row-parent  wppb-row-1649474706913\"  >\n\t\t\t\t\t\n\t\t\t\t\t\t\t\t\t\t\n\t\t\t\t\t\t\t\t\t\t\n\t\t\t\t\t<div class=\"wppb-container\">\n\t\t\t\t\t\t\t\t\t\t\t\t\t\n                        <div class=\"wppb-row\">\n\t\t\t\t\t\t\t                                    <div  class=\"wppb-column-parent wppb-column-parent-view wppb-col-1649474706912\"  >\n                                        <div class=\"wppb-column\">\n\t\t\t\t\t\n\t\t\t\t\t\t\t\t\t\t\t\n                                            <div class=\"wppb-builder-addons\">\n\t\t\t\t\t\t\t\t\t\t\t\t<div class='wppb-builder-addon wppb-addon-1649474737935'  data-addon-id='1649474737935'><div class='wppb-addon'><div class=\"wppb-text-block-addon\"><div class=\"wppb-text-block-content 0\"><p>We support companies (legal entities) in the correct accounting record of their operations, which allows them to obtain financial information for decision making, resulting in the improvement of the cost system and the planning of higher profits. In addition, a correct accounting is the basis to optimize the taxes and contributions paid by the company, thus protecting the patrimony of you and your family.<\/p><ul><li>Accounting record of transactions<\/li><li>Preparation and analysis of financial statements<\/li><li>Payroll processing and stamping<\/li><li>Calculation of monthly and annual state and federal taxes.<\/li><li>Management of IDSE, SUA and IMSS-INFONAVIT payments.<\/li><li>Registration and management of REPSE, ICSOE and SISUB.<\/li><li>Registration of Works in SIROC<\/li><\/ul><\/div><\/div><\/div><\/div>                                            <\/div>\n                                        <\/div>\n                                    <\/div>\n\t\t\t\t\t\t\t\t\t                        <\/div>\n\n                    <\/div>\n                <\/div>\n\t\t\t\t                <div  class=\"wppb-row-parent  wppb-row-1655951630738\"  >\n\t\t\t\t\t\n\t\t\t\t\t\t\t\t\t\t\n\t\t\t\t\t\t\t\t\t\t\n\t\t\t\t\t<div class=\"wppb-container\">\n\t\t\t\t\t\t\t\t\t\t\t\t\t\n                        <div class=\"wppb-row\">\n\t\t\t\t\t\t\t                                    <div  class=\"wppb-column-parent wppb-column-parent-view wppb-col-1655951630737\"  >\n                                        <div class=\"wppb-column\">\n\t\t\t\t\t\n\t\t\t\t\t\t\t\t\t\t\t\n                                            <div class=\"wppb-builder-addons\">\n\t\t\t\t\t\t\t\t\t\t\t\t<div class='wppb-builder-addon wppb-addon-1655951645984'  data-addon-id='1655951645984'><div class='wppb-addon'><div class=\"wppb-addon wppb-button-addon\"><div class=\"wppb-button-addon-content\"><a  href=\"https:\/\/api.whatsapp.com\/send?phone=5214613132479&#038;text=Hola%20Estoy%20Interesad@%20en%20una%20Asesor\u00eda%20Gracias.%20\" target=\"_blank\" class=\"wppb-btn-addons  wppb-btn-success wppb-btn-rounded wppb-btn-large wppb-btn-no\">Request your first free consultation<\/a><\/div><\/div><\/div><\/div>                                            <\/div>\n                                        <\/div>\n                                    <\/div>\n\t\t\t\t\t\t\t\t\t                        <\/div>\n\n                    <\/div>\n                <\/div>\n\t\t\t\t<\/div>","protected":false},"excerpt":{"rendered":"<p>SERVICIOS CONTABLES, FINANCIEROS Y FISCALES Apoyamos a empresas (Personas Morales) en el correcto registro contable de sus operaciones, lo que permite obtener informaci\u00f3n financiera para la toma de decisiones, lo que se traducen en la mejora del sistema de costos y la planeaci\u00f3n de mayores utilidades. Adem\u00e1s, una correcta contabilidad es la base para poder [&hellip;]<\/p>\n","protected":false},"author":1,"featured_media":0,"parent":24,"menu_order":0,"comment_status":"closed","ping_status":"closed","template":"","meta":{"site-sidebar-layout":"default","site-content-layout":"default","ast-site-content-layout":"default","site-content-style":"default","site-sidebar-style":"default","ast-global-header-display":"","ast-banner-title-visibility":"","ast-main-header-display":"","ast-hfb-above-header-display":"","ast-hfb-below-header-display":"","ast-hfb-mobile-header-display":"","site-post-title":"disabled","ast-breadcrumbs-content":"","ast-featured-img":"","footer-sml-layout":"","ast-disable-related-posts":"","theme-transparent-header-meta":"default","adv-header-id-meta":"","stick-header-meta":"","header-above-stick-meta":"","header-main-stick-meta":"","header-below-stick-meta":"","astra-migrate-meta-layouts":"default","ast-page-background-enabled":"default","ast-page-background-meta":{"desktop":{"background-color":"var(--ast-global-color-4)","background-image":"","background-repeat":"repeat","background-position":"center center","background-size":"auto","background-attachment":"scroll","background-type":"","background-media":"","overlay-type":"","overlay-color":"","overlay-opacity":"","overlay-gradient":""},"tablet":{"background-color":"","background-image":"","background-repeat":"repeat","background-position":"center center","background-size":"auto","background-attachment":"scroll","background-type":"","background-media":"","overlay-type":"","overlay-color":"","overlay-opacity":"","overlay-gradient":""},"mobile":{"background-color":"","background-image":"","background-repeat":"repeat","background-position":"center center","background-size":"auto","background-attachment":"scroll","background-type":"","background-media":"","overlay-type":"","overlay-color":"","overlay-opacity":"","overlay-gradient":""}},"ast-content-background-meta":{"desktop":{"background-color":"var(--ast-global-color-5)","background-image":"","background-repeat":"repeat","background-position":"center center","background-size":"auto","background-attachment":"scroll","background-type":"","background-media":"","overlay-type":"","overlay-color":"","overlay-opacity":"","overlay-gradient":""},"tablet":{"background-color":"var(--ast-global-color-5)","background-image":"","background-repeat":"repeat","background-position":"center center","background-size":"auto","background-attachment":"scroll","background-type":"","background-media":"","overlay-type":"","overlay-color":"","overlay-opacity":"","overlay-gradient":""},"mobile":{"background-color":"var(--ast-global-color-5)","background-image":"","background-repeat":"repeat","background-position":"center center","background-size":"auto","background-attachment":"scroll","background-type":"","background-media":"","overlay-type":"","overlay-color":"","overlay-opacity":"","overlay-gradient":""}},"footnotes":""},"class_list":["post-48","page","type-page","status-publish","hentry"],"yoast_head":"<!-- This site is optimized with the Yoast SEO plugin v27.0 - https:\/\/yoast.com\/product\/yoast-seo-wordpress\/ -->\n<title>Financieros y Fiscales - JMM Consultor\u00eda<\/title>\n<meta name=\"robots\" content=\"index, follow, max-snippet:-1, max-image-preview:large, max-video-preview:-1\" \/>\n<link rel=\"canonical\" href=\"https:\/\/jmmconsultoriaempresarial.com\/en\/servicios\/financieros-y-fiscales\/\" \/>\n<meta property=\"og:locale\" content=\"en_US\" \/>\n<meta property=\"og:type\" content=\"article\" \/>\n<meta property=\"og:title\" content=\"Financieros y Fiscales - JMM Consultor\u00eda\" \/>\n<meta property=\"og:description\" content=\"SERVICIOS CONTABLES, FINANCIEROS Y FISCALES Apoyamos a empresas (Personas Morales) en el correcto registro contable de sus operaciones, lo que permite obtener informaci\u00f3n financiera para la toma de decisiones, lo que se traducen en la mejora del sistema de costos y la planeaci\u00f3n de mayores utilidades. Adem\u00e1s, una correcta contabilidad es la base para poder [&hellip;]\" \/>\n<meta property=\"og:url\" content=\"https:\/\/jmmconsultoriaempresarial.com\/en\/servicios\/financieros-y-fiscales\/\" \/>\n<meta property=\"og:site_name\" content=\"JMM Consultor\u00eda\" \/>\n<meta property=\"article:publisher\" content=\"https:\/\/www.facebook.com\/JMMConsultoriaEmpresarial\/\" \/>\n<meta property=\"article:modified_time\" content=\"2022-06-21T03:06:03+00:00\" \/>\n<meta name=\"twitter:card\" content=\"summary_large_image\" \/>\n<script type=\"application\/ld+json\" class=\"yoast-schema-graph\">{\"@context\":\"https:\/\/schema.org\",\"@graph\":[{\"@type\":\"WebPage\",\"@id\":\"https:\/\/jmmconsultoriaempresarial.com\/servicios\/financieros-y-fiscales\/\",\"url\":\"https:\/\/jmmconsultoriaempresarial.com\/servicios\/financieros-y-fiscales\/\",\"name\":\"Financieros y Fiscales - JMM Consultor\u00eda\",\"isPartOf\":{\"@id\":\"https:\/\/jmmconsultoriaempresarial.com\/#website\"},\"datePublished\":\"2022-03-30T04:48:13+00:00\",\"dateModified\":\"2022-06-21T03:06:03+00:00\",\"breadcrumb\":{\"@id\":\"https:\/\/jmmconsultoriaempresarial.com\/servicios\/financieros-y-fiscales\/#breadcrumb\"},\"inLanguage\":\"en-US\",\"potentialAction\":[{\"@type\":\"ReadAction\",\"target\":[\"https:\/\/jmmconsultoriaempresarial.com\/servicios\/financieros-y-fiscales\/\"]}]},{\"@type\":\"BreadcrumbList\",\"@id\":\"https:\/\/jmmconsultoriaempresarial.com\/servicios\/financieros-y-fiscales\/#breadcrumb\",\"itemListElement\":[{\"@type\":\"ListItem\",\"position\":1,\"name\":\"Inicio\",\"item\":\"https:\/\/jmmconsultoriaempresarial.com\/\"},{\"@type\":\"ListItem\",\"position\":2,\"name\":\"Servicios\",\"item\":\"https:\/\/jmmconsultoriaempresarial.com\/servicios\/\"},{\"@type\":\"ListItem\",\"position\":3,\"name\":\"Financieros y Fiscales\"}]},{\"@type\":\"WebSite\",\"@id\":\"https:\/\/jmmconsultoriaempresarial.com\/#website\",\"url\":\"https:\/\/jmmconsultoriaempresarial.com\/\",\"name\":\"JMM Consultor\u00eda Empresarial\",\"description\":\"Soluciones administrativas para tu empresa.\",\"publisher\":{\"@id\":\"https:\/\/jmmconsultoriaempresarial.com\/#organization\"},\"potentialAction\":[{\"@type\":\"SearchAction\",\"target\":{\"@type\":\"EntryPoint\",\"urlTemplate\":\"https:\/\/jmmconsultoriaempresarial.com\/?s={search_term_string}\"},\"query-input\":{\"@type\":\"PropertyValueSpecification\",\"valueRequired\":true,\"valueName\":\"search_term_string\"}}],\"inLanguage\":\"en-US\"},{\"@type\":\"Organization\",\"@id\":\"https:\/\/jmmconsultoriaempresarial.com\/#organization\",\"name\":\"JMM Consultor\u00eda Empresarial\",\"url\":\"https:\/\/jmmconsultoriaempresarial.com\/\",\"logo\":{\"@type\":\"ImageObject\",\"inLanguage\":\"en-US\",\"@id\":\"https:\/\/jmmconsultoriaempresarial.com\/#\/schema\/logo\/image\/\",\"url\":\"https:\/\/jmmconsultoriaempresarial.com\/wp-content\/uploads\/2022\/03\/cropped-cropped-J2M-1-e1647582834363.png\",\"contentUrl\":\"https:\/\/jmmconsultoriaempresarial.com\/wp-content\/uploads\/2022\/03\/cropped-cropped-J2M-1-e1647582834363.png\",\"width\":150,\"height\":79,\"caption\":\"JMM Consultor\u00eda Empresarial\"},\"image\":{\"@id\":\"https:\/\/jmmconsultoriaempresarial.com\/#\/schema\/logo\/image\/\"},\"sameAs\":[\"https:\/\/www.facebook.com\/JMMConsultoriaEmpresarial\/\"]}]}<\/script>\n<!-- \/ Yoast SEO plugin. -->","yoast_head_json":{"title":"Financieros y Fiscales - JMM Consultor\u00eda","robots":{"index":"index","follow":"follow","max-snippet":"max-snippet:-1","max-image-preview":"max-image-preview:large","max-video-preview":"max-video-preview:-1"},"canonical":"https:\/\/jmmconsultoriaempresarial.com\/en\/servicios\/financieros-y-fiscales\/","og_locale":"en_US","og_type":"article","og_title":"Financieros y Fiscales - JMM Consultor\u00eda","og_description":"SERVICIOS CONTABLES, FINANCIEROS Y FISCALES Apoyamos a empresas (Personas Morales) en el correcto registro contable de sus operaciones, lo que permite obtener informaci\u00f3n financiera para la toma de decisiones, lo que se traducen en la mejora del sistema de costos y la planeaci\u00f3n de mayores utilidades. Adem\u00e1s, una correcta contabilidad es la base para poder [&hellip;]","og_url":"https:\/\/jmmconsultoriaempresarial.com\/en\/servicios\/financieros-y-fiscales\/","og_site_name":"JMM Consultor\u00eda","article_publisher":"https:\/\/www.facebook.com\/JMMConsultoriaEmpresarial\/","article_modified_time":"2022-06-21T03:06:03+00:00","twitter_card":"summary_large_image","schema":{"@context":"https:\/\/schema.org","@graph":[{"@type":"WebPage","@id":"https:\/\/jmmconsultoriaempresarial.com\/servicios\/financieros-y-fiscales\/","url":"https:\/\/jmmconsultoriaempresarial.com\/servicios\/financieros-y-fiscales\/","name":"Financieros y Fiscales - JMM Consultor\u00eda","isPartOf":{"@id":"https:\/\/jmmconsultoriaempresarial.com\/#website"},"datePublished":"2022-03-30T04:48:13+00:00","dateModified":"2022-06-21T03:06:03+00:00","breadcrumb":{"@id":"https:\/\/jmmconsultoriaempresarial.com\/servicios\/financieros-y-fiscales\/#breadcrumb"},"inLanguage":"en-US","potentialAction":[{"@type":"ReadAction","target":["https:\/\/jmmconsultoriaempresarial.com\/servicios\/financieros-y-fiscales\/"]}]},{"@type":"BreadcrumbList","@id":"https:\/\/jmmconsultoriaempresarial.com\/servicios\/financieros-y-fiscales\/#breadcrumb","itemListElement":[{"@type":"ListItem","position":1,"name":"Inicio","item":"https:\/\/jmmconsultoriaempresarial.com\/"},{"@type":"ListItem","position":2,"name":"Servicios","item":"https:\/\/jmmconsultoriaempresarial.com\/servicios\/"},{"@type":"ListItem","position":3,"name":"Financieros y Fiscales"}]},{"@type":"WebSite","@id":"https:\/\/jmmconsultoriaempresarial.com\/#website","url":"https:\/\/jmmconsultoriaempresarial.com\/","name":"JMM Consultor\u00eda Empresarial","description":"Administrative solutions for your company.","publisher":{"@id":"https:\/\/jmmconsultoriaempresarial.com\/#organization"},"potentialAction":[{"@type":"SearchAction","target":{"@type":"EntryPoint","urlTemplate":"https:\/\/jmmconsultoriaempresarial.com\/?s={search_term_string}"},"query-input":{"@type":"PropertyValueSpecification","valueRequired":true,"valueName":"search_term_string"}}],"inLanguage":"en-US"},{"@type":"Organization","@id":"https:\/\/jmmconsultoriaempresarial.com\/#organization","name":"JMM Consultor\u00eda Empresarial","url":"https:\/\/jmmconsultoriaempresarial.com\/","logo":{"@type":"ImageObject","inLanguage":"en-US","@id":"https:\/\/jmmconsultoriaempresarial.com\/#\/schema\/logo\/image\/","url":"https:\/\/jmmconsultoriaempresarial.com\/wp-content\/uploads\/2022\/03\/cropped-cropped-J2M-1-e1647582834363.png","contentUrl":"https:\/\/jmmconsultoriaempresarial.com\/wp-content\/uploads\/2022\/03\/cropped-cropped-J2M-1-e1647582834363.png","width":150,"height":79,"caption":"JMM Consultor\u00eda Empresarial"},"image":{"@id":"https:\/\/jmmconsultoriaempresarial.com\/#\/schema\/logo\/image\/"},"sameAs":["https:\/\/www.facebook.com\/JMMConsultoriaEmpresarial\/"]}]}},"_links":{"self":[{"href":"https:\/\/jmmconsultoriaempresarial.com\/en\/wp-json\/wp\/v2\/pages\/48","targetHints":{"allow":["GET"]}}],"collection":[{"href":"https:\/\/jmmconsultoriaempresarial.com\/en\/wp-json\/wp\/v2\/pages"}],"about":[{"href":"https:\/\/jmmconsultoriaempresarial.com\/en\/wp-json\/wp\/v2\/types\/page"}],"author":[{"embeddable":true,"href":"https:\/\/jmmconsultoriaempresarial.com\/en\/wp-json\/wp\/v2\/users\/1"}],"replies":[{"embeddable":true,"href":"https:\/\/jmmconsultoriaempresarial.com\/en\/wp-json\/wp\/v2\/comments?post=48"}],"version-history":[{"count":1,"href":"https:\/\/jmmconsultoriaempresarial.com\/en\/wp-json\/wp\/v2\/pages\/48\/revisions"}],"predecessor-version":[{"id":49,"href":"https:\/\/jmmconsultoriaempresarial.com\/en\/wp-json\/wp\/v2\/pages\/48\/revisions\/49"}],"up":[{"embeddable":true,"href":"https:\/\/jmmconsultoriaempresarial.com\/en\/wp-json\/wp\/v2\/pages\/24"}],"wp:attachment":[{"href":"https:\/\/jmmconsultoriaempresarial.com\/en\/wp-json\/wp\/v2\/media?parent=48"}],"curies":[{"name":"wp","href":"https:\/\/api.w.org\/{rel}","templated":true}]}}